{"id":4047,"date":"2025-08-16T01:36:53","date_gmt":"2025-08-15T22:36:53","guid":{"rendered":"https:\/\/meferi.pontima.ru\/?post_type=product&#038;p=4047"},"modified":"2025-10-30T18:46:45","modified_gmt":"2025-10-30T17:46:45","slug":"cradle-charging-station-meferi","status":"publish","type":"product","link":"https:\/\/meferi.com\/de\/products\/accessories\/cradle-charging-station-meferi\/","title":{"rendered":"Halterung &amp; Ladestation MEFERI ME40K"},"content":{"rendered":"<div class=\"wpb-content-wrapper\"><div class=\"vc_row wpb_row row top-row gradient-container-1 wpb_custom_034b39d9bc6c6b310d69e39f0ccf274f\"><div class=\"gradient-column-1 vc_column_container col-md-12\"><div class=\"wpb_wrapper vc_column-inner\">\r\n\t<div class=\"wpb_text_column wpb_content_element wpb_custom_7c91d232724f73626cc933bd95b25ff0\" >\r\n\t\t<div class=\"wpb_wrapper\">\r\n\t\t\t<h2>Lade- und Kommunikationsstation f\u00fcr MEFERI ME40K Datenerfassungsterminals.<\/h2>\n<h4>ME40K-SCRD01KIT-EU-01<\/h4>\n<div>\n<ul>\n<li><span dir=\"auto\">Erm\u00f6glicht das Aufladen eines Ger\u00e4ts und eines Ersatzakkus.<\/span><\/li>\n<li><span dir=\"auto\">Die Ausgangsleistung des Netzteils betr\u00e4gt DC 12V\/2A.<\/span><\/li>\n<li><span dir=\"auto\">Unterst\u00fctzt die Daten\u00fcbertragung \u00fcber USB Typ-C.<\/span><\/li>\n<li><span dir=\"auto\">Es besteht die M\u00f6glichkeit, das Terminal sowohl mit einem Armband als auch in einer Schutzh\u00fclle aufzuladen.<\/span><\/li>\n<li><span dir=\"auto\">Ladestatusanzeige: rot - Ladevorgang l\u00e4uft, gr\u00fcn - Ladevorgang abgeschlossen.<\/span><\/li>\n<\/ul>\n<\/div>\n\r\n\t\t<\/div>\r\n\t<\/div>\r\n<\/div><\/div><\/div>\n<\/div>","protected":false},"excerpt":{"rendered":"<p><span dir=\"auto\">Lade- und Kommunikationsstation f\u00fcr MEFERI ME40K Datenerfassungsterminals.<\/span><\/p>\n<ul>\n<li><span dir=\"auto\">Erm\u00f6glicht das Aufladen eines Ger\u00e4ts und eines Ersatzakkus.<\/span><\/li>\n<li><span dir=\"auto\">Die Ausgangsleistung des Netzteils betr\u00e4gt DC 12V\/2A.<\/span><\/li>\n<li><span dir=\"auto\">Unterst\u00fctzt die Daten\u00fcbertragung \u00fcber USB Typ-C.<\/span><\/li>\n<li><span dir=\"auto\">Es besteht die M\u00f6glichkeit, das Terminal sowohl mit einem Armband als auch in einer Schutzh\u00fclle aufzuladen.<\/span><\/li>\n<li><span dir=\"auto\">Ladestatusanzeige: rot \u2013 Ladevorgang l\u00e4uft, gr\u00fcn \u2013 Ladevorgang abgeschlossen.<\/span><\/li>\n<\/ul>\n<p>&nbsp;<\/p>","protected":false},"featured_media":4048,"template":"","meta":{"_acf_changed":false},"product_brand":[],"product_cat":[69],"product_tag":[],"class_list":{"0":"post-4047","1":"product","2":"type-product","3":"status-publish","4":"has-post-thumbnail","6":"product_cat-accessories","8":"first","9":"instock","10":"shipping-taxable","11":"product-type-simple"},"acf":[],"_links":{"self":[{"href":"https:\/\/meferi.com\/de\/wp-json\/wp\/v2\/product\/4047","targetHints":{"allow":["GET"]}}],"collection":[{"href":"https:\/\/meferi.com\/de\/wp-json\/wp\/v2\/product"}],"about":[{"href":"https:\/\/meferi.com\/de\/wp-json\/wp\/v2\/types\/product"}],"wp:featuredmedia":[{"embeddable":true,"href":"https:\/\/meferi.com\/de\/wp-json\/wp\/v2\/media\/4048"}],"wp:attachment":[{"href":"https:\/\/meferi.com\/de\/wp-json\/wp\/v2\/media?parent=4047"}],"wp:term":[{"taxonomy":"product_brand","embeddable":true,"href":"https:\/\/meferi.com\/de\/wp-json\/wp\/v2\/product_brand?post=4047"},{"taxonomy":"product_cat","embeddable":true,"href":"https:\/\/meferi.com\/de\/wp-json\/wp\/v2\/product_cat?post=4047"},{"taxonomy":"product_tag","embeddable":true,"href":"https:\/\/meferi.com\/de\/wp-json\/wp\/v2\/product_tag?post=4047"}],"curies":[{"name":"wp","href":"https:\/\/api.w.org\/{rel}","templated":true}]}}