{"id":367,"date":"2025-05-30T12:07:56","date_gmt":"2025-05-30T09:07:56","guid":{"rendered":"https:\/\/wp.meferi.com\/?post_type=product&#038;p=367"},"modified":"2026-05-08T07:44:52","modified_gmt":"2026-05-08T05:44:52","slug":"me10-wearable-computer","status":"publish","type":"product","link":"https:\/\/meferi.com\/de\/products\/mobile-computers\/wearable-computers\/me10-wearable-computer\/","title":{"rendered":"ME10 Wearable Computer"},"content":{"rendered":"<div class=\"wpb-content-wrapper\"><div class=\"vc_row wpb_row row top-row gradient-container-1 rounded-section vc_custom_1755164630071 no-padding vc_row-has-fill wpb_custom_034b39d9bc6c6b310d69e39f0ccf274f\"><div class=\"gradient-column-1 vc_column_container col-md-12\"><div class=\"wpb_wrapper vc_column-inner\">\r\n\t<div class=\"wpb_text_column wpb_content_element vc_custom_1755172574601 wpb_custom_7c91d232724f73626cc933bd95b25ff0\" >\r\n\t\t<div class=\"wpb_wrapper\">\r\n\t\t\t<h2 class=\"good_tips\">Pr\u00e4zise tragbare Technologie f\u00fcr die moderne Industrie<\/h2>\n<div class=\"good_des\" data-v-59e00dce=\"\">Die Kombination aus Qualcomms Leistung und Samsungs Finesse f\u00fcr un\u00fcbertroffene Geschwindigkeit. Genie\u00dfen Sie Android 13, optimiert mit GMS, AER und h\u00f6chster Sicherheit. Freisprechl\u00f6sung mit MS300R, NFC-Kopplung und erweiterter Aufnahmefunktion. Wi-Fi 6 sorgt f\u00fcr schnelle Verbindungen, hohe Bandbreite und zuverl\u00e4ssiges Roaming. Erh\u00f6hen Sie Ihre Leistung bei jeder Aufgabe.<\/div>\n\r\n\t\t<\/div>\r\n\t<\/div>\r\n<div class=\"vc_empty_space\"   style=\"height: 22px\"><span class=\"vc_empty_space_inner\"><\/span><\/div><div class=\"vc_btn3-container vc_btn3-inline vc_custom_1755159836239 vc_do_btn\" >\r\n\t<a class=\"vc_general vc_btn3 vc_btn3-size-lg vc_btn3-shape-round vc_btn3-style-classic btn-hover-text-effect hover-text-switch-left wpb_custom_feb90eca13f0b50ed1f6f904a3d0e275 vc_btn3-icon-left hover-icon-zoom vc_btn3-color-black btn\" style=\"padding-left:22px; padding-right:22px;\" href=\"https:\/\/meferi.com\/de\/contact-meferi\/contact-sales\/\" title=\"kontakt-MEFERI\" target=\"_blank\"><i class=\"vc_btn3-icon fas fa-globe-americas\"><\/i> <span class=\"btn-text\" data-text=\"Get best price\">Besten Preis erhalten<\/span><\/a>\t<\/div>\r\n<div class=\"vc_btn3-container vc_btn3-inline vc_do_btn\" >\r\n\t<a class=\"vc_btn3 vc_btn3-shape-round wpb_custom_0160309ab4e666fb3cb18fdd1b6dab1a vc_btn3-icon-left hover-icon-zoom btn btn-borders btn-lg btn-dark\" style=\"padding-left:22px; padding-right:22px;\" href=\"https:\/\/portal.meferi.com\/login\" title=\"kontakt-MEFERI\" target=\"_blank\"><i class=\"vc_btn3-icon fas fa-braille\"><\/i> Anfrage f\u00fcr Spezifikationen<\/a>\t<\/div>\r\n<div class=\"vc_empty_space\"   style=\"height: 22px\"><span class=\"vc_empty_space_inner\"><\/span><\/div><\/div><\/div><\/div><div class=\"vc_row wpb_row row top-row gradient-container-3 vc_custom_1755164713629 wpb_custom_034b39d9bc6c6b310d69e39f0ccf274f\"><div class=\"gradient-column-2 vc_column_container col-md-12\"><div class=\"wpb_wrapper vc_column-inner\"><div id=\"ultv-6703\" class=\"ult-dual-color ult-adjust-bottom-margin ult-dual-color-responsive-none ultv-6703   vc_custom_1778219085168\"><div class=\"ult-module-content ult-dual-color-heading\" style=\"text-align:left;\">\n\t\t\t\t\t\t<h3><span class=\"ult-before-heading\">\n\t\t\t\t\t\t<span class=\"ult-dual-heading-text ult-first-text ult-responsive\"  data-ultimate-target='.ult-dual-color.ultv-6703 .ult-dual-heading-text'  data-responsive-json-new='{\"font-size\":\"desktop:40px;\",\"line-height\":\"desktop:48px;\"}'  style=\"color:var(--porto-quaternary-color);     border:none; font-weight:normal;\">Merkmale des<\/span>\n\t\t\t\t\t<\/span><span class=\"ult-adv-heading\" style=\"\">\n\t\t\t\t\t\t<span class=\"ult-dual-adv-heading-text ult-highlight-text ult-responsive\"  data-ultimate-target='.ult-dual-color.ultv-6703 .ult-highlight-text'  data-responsive-json-new='{\"font-size\":\"desktop:40px;\",\"line-height\":\"desktop:48px;\"}'  style=\"color:#d00341;    padding:7px; border:none; font-weight:normal;\">ME10<\/span>\n\t\t\t\t\t<\/span><\/h3> <\/div><\/div><\/div><\/div><\/div><div class=\"vc_row wpb_row row top-row gradient-container-4 vc_column-gap-25 vc_row-o-content-middle vc_row-flex wpb_custom_034b39d9bc6c6b310d69e39f0ccf274f\"><div class=\"gradient-column-3 vc_column_container col-md-6\"><div class=\"wpb_wrapper vc_column-inner\"><div class=\"porto-ultimate-content-box-container my-rounded-box\"><style>.porto_ucb_bd0f4babf7c24dafca3fc6bc2d95b490:hover{box-shadow:3px 3px 3px 3px #eef4fc}<\/style><div class=\"porto-ultimate-content-box porto_ucb_bd0f4babf7c24dafca3fc6bc2d95b490\" style=\"background-color:rgba(238,244,252,0);border:1px solid var(--porto-tertiary-color);min-height:222px;\" data-bg=\"rgba(238,244,252,0)\"><div class=\"porto-sicon-box  vc_custom_1755173149139  wpb_custom_76144dda40c74981b50ea38a702f0b59 style_2 left-icon\"><div class=\"porto-sicon-left\"><div class=\"porto-just-icon-wrapper porto-sicon-img  porto-icon-9f5d1cfb45d27d96b50bf473aebba227\" style=\"font-size: 200px;\" data-appear-animation=\"bounce\"><img loading=\"lazy\" decoding=\"async\" class=\"img-icon\" alt=\"\" src=\"https:\/\/meferi.com\/wp-content\/uploads\/2025\/05\/fot1.ed157bc1.png\" width=\"360\" height=\"360\" \/><\/div><\/div><div class=\"porto-sicon-body\"><div class=\"porto-sicon-header\"><h2 class=\"porto-sicon-title\" style=\"margin-top:44px;\">Leistungsstarker Prozessor und Speicher<\/h2><\/div> <!-- header --><div class=\"porto-sicon-description\" style=\"\">Der Qualcomm-Prozessor des ME10 sorgt in Kombination mit dem fortschrittlichen RAM und Flash-Speicher von Samsung f\u00fcr eine schnelle und effiziente Leistung bei allen Aufgaben.<\/div> <!-- description --><\/div><\/div><!-- porto-sicon-box --><\/div><\/div><\/div><\/div><div class=\"gradient-column-4 vc_column_container col-md-6\"><div class=\"wpb_wrapper vc_column-inner\"><div class=\"porto-ultimate-content-box-container my-rounded-box\"><style>.porto_ucb_bd0f4babf7c24dafca3fc6bc2d95b490:hover{box-shadow:3px 3px 3px 3px #eef4fc}<\/style><div class=\"porto-ultimate-content-box porto_ucb_bd0f4babf7c24dafca3fc6bc2d95b490\" style=\"background-color:rgba(238,244,252,0);border:1px solid var(--porto-tertiary-color);min-height:222px;\" data-bg=\"rgba(238,244,252,0)\"><div class=\"porto-sicon-box  vc_custom_1755173224503  wpb_custom_a3692183c0d38afe636ccfbf0abec338 style_2 left-icon\"><div class=\"porto-sicon-left\"><div class=\"porto-just-icon-wrapper porto-sicon-img  porto-icon-9f5d1cfb45d27d96b50bf473aebba227\" style=\"font-size: 200px;\" data-appear-animation=\"bounce\"><img loading=\"lazy\" decoding=\"async\" class=\"img-icon\" alt=\"\" src=\"https:\/\/meferi.com\/wp-content\/uploads\/2025\/05\/fot3.509b0f63.png\" width=\"360\" height=\"360\" \/><\/div><\/div><div class=\"porto-sicon-body\"><div class=\"porto-sicon-header\"><h2 class=\"porto-sicon-title\" style=\"margin-top:44px;\">Android 13: Sicher &amp; Vielseitig<\/h2><\/div> <!-- header --><div class=\"porto-sicon-description\" style=\"\">ME10 l\u00e4uft mit Android 13 und unterst\u00fctzt sowohl GMS- als auch AER-Standards. Die Suite von Google bietet ein robustes Anwendungs\u00f6kosystem und beispiellose Sicherheit.<\/div> <!-- description --><\/div><\/div><!-- porto-sicon-box --><\/div><\/div><\/div><\/div><\/div><div class=\"vc_row wpb_row row top-row gradient-container-5 vc_column-gap-25 vc_row-o-content-middle vc_row-flex wpb_custom_034b39d9bc6c6b310d69e39f0ccf274f\"><div class=\"gradient-column-5 vc_column_container col-md-6\"><div class=\"wpb_wrapper vc_column-inner\"><div class=\"porto-ultimate-content-box-container my-rounded-box\"><style>.porto_ucb_bd0f4babf7c24dafca3fc6bc2d95b490:hover{box-shadow:3px 3px 3px 3px #eef4fc}<\/style><div class=\"porto-ultimate-content-box porto_ucb_bd0f4babf7c24dafca3fc6bc2d95b490\" style=\"background-color:rgba(238,244,252,0);border:1px solid var(--porto-tertiary-color);min-height:222px;\" data-bg=\"rgba(238,244,252,0)\"><div class=\"porto-sicon-box  vc_custom_1755173198771  wpb_custom_76144dda40c74981b50ea38a702f0b59 style_2 left-icon\"><div class=\"porto-sicon-left\"><div class=\"porto-just-icon-wrapper porto-sicon-img  porto-icon-9f5d1cfb45d27d96b50bf473aebba227\" style=\"font-size: 200px;\" data-appear-animation=\"bounce\"><img loading=\"lazy\" decoding=\"async\" class=\"img-icon\" alt=\"\" src=\"https:\/\/meferi.com\/wp-content\/uploads\/2025\/05\/fot2.05a4e8ea.png\" width=\"360\" height=\"360\" \/><\/div><\/div><div class=\"porto-sicon-body\"><div class=\"porto-sicon-header\"><h2 class=\"porto-sicon-title\" style=\"margin-top:44px;\">Hochaufl\u00f6sendes Display und Schutz<\/h2><\/div> <!-- header --><div class=\"porto-sicon-description\" style=\"\">Der ber\u00fchrungsempfindliche Bildschirm des ME10, gesch\u00fctzt durch Corning Gorilla Glass III, bietet Klarheit und Widerstandsf\u00e4higkeit und gew\u00e4hrleistet einen einwandfreien Betrieb unter unterschiedlichen Bedingungen.<\/div> <!-- description --><\/div><\/div><!-- porto-sicon-box --><\/div><\/div><\/div><\/div><div class=\"gradient-column-6 vc_column_container col-md-6\"><div class=\"wpb_wrapper vc_column-inner\"><div class=\"porto-ultimate-content-box-container my-rounded-box\"><style>.porto_ucb_bd0f4babf7c24dafca3fc6bc2d95b490:hover{box-shadow:3px 3px 3px 3px #eef4fc}<\/style><div class=\"porto-ultimate-content-box porto_ucb_bd0f4babf7c24dafca3fc6bc2d95b490\" style=\"background-color:rgba(238,244,252,0);border:1px solid var(--porto-tertiary-color);min-height:222px;\" data-bg=\"rgba(238,244,252,0)\"><div class=\"porto-sicon-box  vc_custom_1755173282585  wpb_custom_a3692183c0d38afe636ccfbf0abec338 style_2 left-icon\"><div class=\"porto-sicon-left\"><div class=\"porto-just-icon-wrapper porto-sicon-img  porto-icon-9f5d1cfb45d27d96b50bf473aebba227\" style=\"font-size: 200px;\" data-appear-animation=\"bounce\"><img loading=\"lazy\" decoding=\"async\" class=\"img-icon\" alt=\"\" src=\"https:\/\/meferi.com\/wp-content\/uploads\/2025\/05\/fot4.png\" width=\"360\" height=\"360\" \/><\/div><\/div><div class=\"porto-sicon-body\"><div class=\"porto-sicon-header\"><h2 class=\"porto-sicon-title\" style=\"margin-top:44px;\">MS300R Integration Excellence<\/h2><\/div> <!-- header --><div class=\"porto-sicon-description\" style=\"\">ME10 l\u00e4sst sich perfekt mit dem Bluetooth-Scannerring MS300R kombinieren und verbessert so den freih\u00e4ndigen Betrieb in Lagerhaltung, Einzelhandel und Logistik.<\/div> <!-- description --><\/div><\/div><!-- porto-sicon-box --><\/div><\/div><\/div><\/div><\/div><div class=\"vc_row wpb_row row top-row gradient-container-6 vc_column-gap-25 vc_row-o-content-middle vc_row-flex wpb_custom_034b39d9bc6c6b310d69e39f0ccf274f\"><div class=\"gradient-column-7 vc_column_container col-md-6\"><div class=\"wpb_wrapper vc_column-inner\"><div class=\"porto-ultimate-content-box-container my-rounded-box\"><style>.porto_ucb_bd0f4babf7c24dafca3fc6bc2d95b490:hover{box-shadow:3px 3px 3px 3px #eef4fc}<\/style><div class=\"porto-ultimate-content-box porto_ucb_bd0f4babf7c24dafca3fc6bc2d95b490\" style=\"background-color:rgba(238,244,252,0);border:1px solid var(--porto-tertiary-color);min-height:222px;\" data-bg=\"rgba(238,244,252,0)\"><div class=\"porto-sicon-box  vc_custom_1755161936363  wpb_custom_a3692183c0d38afe636ccfbf0abec338 style_2 left-icon\"><div class=\"porto-sicon-left\"><div class=\"porto-just-icon-wrapper porto-sicon-img  porto-icon-9f5d1cfb45d27d96b50bf473aebba227\" style=\"font-size: 200px;\" data-appear-animation=\"bounce\"><img loading=\"lazy\" decoding=\"async\" class=\"img-icon\" alt=\"\" src=\"https:\/\/meferi.com\/wp-content\/uploads\/2025\/05\/fot9.039fc952.png\" width=\"360\" height=\"360\" \/><\/div><\/div><div class=\"porto-sicon-body\"><div class=\"porto-sicon-header\"><h2 class=\"porto-sicon-title\" style=\"margin-top:44px;\">NFC f\u00fcr einfaches Koppeln von Ger\u00e4ten<\/h2><\/div> <!-- header --><div class=\"porto-sicon-description\" style=\"\">Die integrierte NFC-Technologie erm\u00f6glicht eine schnelle Kopplung und Interaktion mit anderen Ger\u00e4ten, die Identifizierung von Mitarbeitern und unterst\u00fctzt die Nutzung von Treueprogrammen.<\/p>\n<p><\/div> <!-- description --><\/div><\/div><!-- porto-sicon-box --><\/div><\/div><\/div><\/div><div class=\"gradient-column-8 vc_column_container col-md-6\"><div class=\"wpb_wrapper vc_column-inner\"><div class=\"porto-ultimate-content-box-container my-rounded-box\"><style>.porto_ucb_bd0f4babf7c24dafca3fc6bc2d95b490:hover{box-shadow:3px 3px 3px 3px #eef4fc}<\/style><div class=\"porto-ultimate-content-box porto_ucb_bd0f4babf7c24dafca3fc6bc2d95b490\" style=\"background-color:rgba(238,244,252,0);border:1px solid var(--porto-tertiary-color);min-height:222px;\" data-bg=\"rgba(238,244,252,0)\"><div class=\"porto-sicon-box  vc_custom_1755173410938  wpb_custom_a3692183c0d38afe636ccfbf0abec338 style_2 left-icon\"><div class=\"porto-sicon-left\"><div class=\"porto-just-icon-wrapper porto-sicon-img  porto-icon-9f5d1cfb45d27d96b50bf473aebba227\" style=\"font-size: 200px;\" data-appear-animation=\"bounce\"><img loading=\"lazy\" decoding=\"async\" class=\"img-icon\" alt=\"\" src=\"https:\/\/meferi.com\/wp-content\/uploads\/2025\/05\/fot6.png\" width=\"360\" height=\"360\" \/><\/div><\/div><div class=\"porto-sicon-body\"><div class=\"porto-sicon-header\"><h2 class=\"porto-sicon-title\" style=\"margin-top:44px;\">Erweiterte Scanmodule<\/h2><\/div> <!-- header --><div class=\"porto-sicon-description\" style=\"\">\n<div class=\"show_des\" data-v-26c0f7a8=\"\">Zusammen unterst\u00fctzen ME10 und MS300R sieben Scanmodule zur schnellen Erkennung. Insbesondere SE55 erfasst Barcodes aus bis zu 15 Metern Entfernung.<\/div>\n<p><\/div> <!-- description --><\/div><\/div><!-- porto-sicon-box --><\/div><\/div><\/div><\/div><\/div><div class=\"vc_row wpb_row row top-row gradient-container-7 vc_column-gap-25 vc_row-o-content-middle vc_row-flex wpb_custom_034b39d9bc6c6b310d69e39f0ccf274f\"><div class=\"gradient-column-9 vc_column_container col-md-6\"><div class=\"wpb_wrapper vc_column-inner\"><div class=\"porto-ultimate-content-box-container my-rounded-box\"><style>.porto_ucb_bd0f4babf7c24dafca3fc6bc2d95b490:hover{box-shadow:3px 3px 3px 3px #eef4fc}<\/style><div class=\"porto-ultimate-content-box porto_ucb_bd0f4babf7c24dafca3fc6bc2d95b490\" style=\"background-color:rgba(238,244,252,0);border:1px solid var(--porto-tertiary-color);min-height:222px;\" data-bg=\"rgba(238,244,252,0)\"><div class=\"porto-sicon-box  vc_custom_1755173510893  wpb_custom_a3692183c0d38afe636ccfbf0abec338 style_2 left-icon\"><div class=\"porto-sicon-left\"><div class=\"porto-just-icon-wrapper porto-sicon-img  porto-icon-9f5d1cfb45d27d96b50bf473aebba227\" style=\"font-size: 200px;\" data-appear-animation=\"bounce\"><img loading=\"lazy\" decoding=\"async\" class=\"img-icon\" alt=\"\" src=\"https:\/\/meferi.com\/wp-content\/uploads\/2025\/05\/fot7.a25faa10.png\" width=\"360\" height=\"360\" \/><\/div><\/div><div class=\"porto-sicon-body\"><div class=\"porto-sicon-header\"><h2 class=\"porto-sicon-title\" style=\"margin-top:44px;\">MS300R: Langlebig und ergonomisch<\/h2><\/div> <!-- header --><div class=\"porto-sicon-description\" style=\"\">\n<div class=\"show_des\" data-v-26c0f7a8=\"\">Das Design des MS300R gew\u00e4hrleistet Strapazierf\u00e4higkeit und Komfort. Der abnehmbare Scan-Ausl\u00f6ser kann f\u00fcr die Verwendung mit Spezialhandschuhen angepasst werden.<\/div>\n<p><\/div> <!-- description --><\/div><\/div><!-- porto-sicon-box --><\/div><\/div><\/div><\/div><div class=\"gradient-column-10 vc_column_container col-md-6\"><div class=\"wpb_wrapper vc_column-inner\"><div class=\"porto-ultimate-content-box-container my-rounded-box\"><style>.porto_ucb_bd0f4babf7c24dafca3fc6bc2d95b490:hover{box-shadow:3px 3px 3px 3px #eef4fc}<\/style><div class=\"porto-ultimate-content-box porto_ucb_bd0f4babf7c24dafca3fc6bc2d95b490\" style=\"background-color:rgba(238,244,252,0);border:1px solid var(--porto-tertiary-color);min-height:222px;\" data-bg=\"rgba(238,244,252,0)\"><div class=\"porto-sicon-box  vc_custom_1755173572059  wpb_custom_a3692183c0d38afe636ccfbf0abec338 style_2 left-icon\"><div class=\"porto-sicon-left\"><div class=\"porto-just-icon-wrapper porto-sicon-img  porto-icon-9f5d1cfb45d27d96b50bf473aebba227\" style=\"font-size: 200px;\" data-appear-animation=\"bounce\"><img loading=\"lazy\" decoding=\"async\" class=\"img-icon\" alt=\"\" src=\"https:\/\/meferi.com\/wp-content\/uploads\/2025\/05\/fot8.png\" width=\"360\" height=\"360\" \/><\/div><\/div><div class=\"porto-sicon-body\"><div class=\"porto-sicon-header\"><h2 class=\"porto-sicon-title\" style=\"margin-top:44px;\">Wi-Fi 6-Konnektivit\u00e4tsleistung<\/h2><\/div> <!-- header --><div class=\"porto-sicon-description\" style=\"\">\n<div class=\"show_des\" data-v-26c0f7a8=\"\">Wi-Fi 6 des ME10 verspricht h\u00f6here Geschwindigkeiten, gro\u00dfe Reichweite und zuverl\u00e4ssige Verbindungen. Seamless Roaming garantiert kontinuierliche Konnektivit\u00e4t \u00fcber alle Bereiche hinweg.<\/div>\n<p><\/div> <!-- description --><\/div><\/div><!-- porto-sicon-box --><\/div><\/div><\/div><\/div><\/div><div class=\"vc_row wpb_row row top-row gradient-container-8 vc_column-gap-25 vc_row-o-content-middle vc_row-flex wpb_custom_034b39d9bc6c6b310d69e39f0ccf274f\"><div class=\"gradient-column-11 vc_column_container col-md-6\"><div class=\"wpb_wrapper vc_column-inner\"><div class=\"porto-ultimate-content-box-container my-rounded-box\"><style>.porto_ucb_bd0f4babf7c24dafca3fc6bc2d95b490:hover{box-shadow:3px 3px 3px 3px #eef4fc}<\/style><div class=\"porto-ultimate-content-box porto_ucb_bd0f4babf7c24dafca3fc6bc2d95b490\" style=\"background-color:rgba(238,244,252,0);border:1px solid var(--porto-tertiary-color);min-height:222px;\" data-bg=\"rgba(238,244,252,0)\"><div class=\"porto-sicon-box  vc_custom_1755173614847  wpb_custom_a3692183c0d38afe636ccfbf0abec338 style_2 left-icon\"><div class=\"porto-sicon-left\"><div class=\"porto-just-icon-wrapper porto-sicon-img  porto-icon-9f5d1cfb45d27d96b50bf473aebba227\" style=\"font-size: 200px;\" data-appear-animation=\"bounce\"><img loading=\"lazy\" decoding=\"async\" class=\"img-icon\" alt=\"\" src=\"https:\/\/meferi.com\/wp-content\/uploads\/2025\/05\/fot9.png\" width=\"360\" height=\"360\" \/><\/div><\/div><div class=\"porto-sicon-body\"><div class=\"porto-sicon-header\"><h2 class=\"porto-sicon-title\" style=\"margin-top:44px;\">Bluetooth 5.2: Schnell und effizient<\/h2><\/div> <!-- header --><div class=\"porto-sicon-description\" style=\"\">\n<div class=\"show_des\" data-v-26c0f7a8=\"\">ME10 verf\u00fcgt \u00fcber Bluetooth 5.2, perfekt f\u00fcr die schnelle Daten\u00fcbertragung mit dem MS300R-Ringscanner. Das Ergebnis ist eine bis zu 35% schnellere Warenkommissionierung.<\/div>\n<p><\/div> <!-- description --><\/div><\/div><!-- porto-sicon-box --><\/div><\/div><\/div><\/div><div class=\"gradient-column-12 vc_column_container col-md-6\"><div class=\"wpb_wrapper vc_column-inner\"><div class=\"porto-ultimate-content-box-container my-rounded-box\"><style>.porto_ucb_bd0f4babf7c24dafca3fc6bc2d95b490:hover{box-shadow:3px 3px 3px 3px #eef4fc}<\/style><div class=\"porto-ultimate-content-box porto_ucb_bd0f4babf7c24dafca3fc6bc2d95b490\" style=\"background-color:rgba(238,244,252,0);border:1px solid var(--porto-tertiary-color);min-height:222px;\" data-bg=\"rgba(238,244,252,0)\"><div class=\"porto-sicon-box  vc_custom_1755173652288  wpb_custom_a3692183c0d38afe636ccfbf0abec338 style_2 left-icon\"><div class=\"porto-sicon-left\"><div class=\"porto-just-icon-wrapper porto-sicon-img  porto-icon-9f5d1cfb45d27d96b50bf473aebba227\" style=\"font-size: 200px;\" data-appear-animation=\"bounce\"><img loading=\"lazy\" decoding=\"async\" class=\"img-icon\" alt=\"\" src=\"https:\/\/meferi.com\/wp-content\/uploads\/2025\/08\/4-1-1.png\" width=\"360\" height=\"360\" \/><\/div><\/div><div class=\"porto-sicon-body\"><div class=\"porto-sicon-header\"><h2 class=\"porto-sicon-title\" style=\"margin-top:44px;\">Hervorragende Hot-Swap-Leistung<\/h2><\/div> <!-- header --><div class=\"porto-sicon-description\" style=\"\">\n<div class=\"show_des\" data-v-26c0f7a8=\"\">Der 3400-mAh-Akku des ME10 erm\u00f6glicht eine Betriebsdauer von 12 Stunden. Dank Hot-Swap-Funktion und schnellem Akkuwechsel ist ein unterbrechungsfreier Betrieb gew\u00e4hrleistet.<\/div>\n<p><\/div> <!-- description --><\/div><\/div><!-- porto-sicon-box --><\/div><\/div><\/div><\/div><\/div><div class=\"vc_row wpb_row row top-row gradient-container-9 vc_column-gap-25 vc_row-o-content-middle vc_row-flex wpb_custom_034b39d9bc6c6b310d69e39f0ccf274f\"><div class=\"gradient-column-13 vc_column_container col-md-6\"><div class=\"wpb_wrapper vc_column-inner\"><div class=\"porto-ultimate-content-box-container my-rounded-box\"><style>.porto_ucb_bd0f4babf7c24dafca3fc6bc2d95b490:hover{box-shadow:3px 3px 3px 3px #eef4fc}<\/style><div class=\"porto-ultimate-content-box porto_ucb_bd0f4babf7c24dafca3fc6bc2d95b490\" style=\"background-color:rgba(238,244,252,0);border:1px solid var(--porto-tertiary-color);min-height:222px;\" data-bg=\"rgba(238,244,252,0)\"><div class=\"porto-sicon-box  vc_custom_1755162104504  wpb_custom_a3692183c0d38afe636ccfbf0abec338 style_2 left-icon\"><div class=\"porto-sicon-left\"><div class=\"porto-just-icon-wrapper porto-sicon-img  porto-icon-9f5d1cfb45d27d96b50bf473aebba227\" style=\"font-size: 200px;\" data-appear-animation=\"bounce\"><img loading=\"lazy\" decoding=\"async\" class=\"img-icon\" alt=\"\" src=\"https:\/\/meferi.com\/wp-content\/uploads\/2025\/05\/fot14.85eb4d85.png\" width=\"360\" height=\"360\" \/><\/div><\/div><div class=\"porto-sicon-body\"><div class=\"porto-sicon-header\"><h2 class=\"porto-sicon-title\" style=\"margin-top:44px;\">Google Mobile Dienste (GMS)<\/h2><\/div> <!-- header --><div class=\"porto-sicon-description\" style=\"\">Integrierter GMS-Support erm\u00f6glicht den Zugriff auf wichtige Apps und Dienste und steigert so die Betriebseffizienz.<\/p>\n<p><\/div> <!-- description --><\/div><\/div><!-- porto-sicon-box --><\/div><\/div><\/div><\/div><div class=\"gradient-column-14 vc_column_container col-md-6\"><div class=\"wpb_wrapper vc_column-inner\"><div class=\"porto-ultimate-content-box-container my-rounded-box\"><style>.porto_ucb_bd0f4babf7c24dafca3fc6bc2d95b490:hover{box-shadow:3px 3px 3px 3px #eef4fc}<\/style><div class=\"porto-ultimate-content-box porto_ucb_bd0f4babf7c24dafca3fc6bc2d95b490\" style=\"background-color:rgba(238,244,252,0);border:1px solid var(--porto-tertiary-color);min-height:222px;\" data-bg=\"rgba(238,244,252,0)\"><div class=\"porto-sicon-box  vc_custom_1755173739270  wpb_custom_a3692183c0d38afe636ccfbf0abec338 style_2 left-icon\"><div class=\"porto-sicon-left\"><div class=\"porto-just-icon-wrapper porto-sicon-img  porto-icon-9f5d1cfb45d27d96b50bf473aebba227\" style=\"font-size: 200px;\" data-appear-animation=\"bounce\"><img loading=\"lazy\" decoding=\"async\" class=\"img-icon\" alt=\"\" src=\"https:\/\/meferi.com\/wp-content\/uploads\/2025\/05\/fot12.png\" width=\"360\" height=\"360\" \/><\/div><\/div><div class=\"porto-sicon-body\"><div class=\"porto-sicon-header\"><h2 class=\"porto-sicon-title\" style=\"margin-top:44px;\">Anpassbares Tastenlayout<\/h2><\/div> <!-- header --><div class=\"porto-sicon-description\" style=\"\">\n<div class=\"show_des\" data-v-26c0f7a8=\"\">Die einzigartigen physischen Tasten des ME10 steigern die Effizienz. Sechs programmierbare Tasten k\u00f6nnen individuell angepasst werden, erg\u00e4nzt durch drei prim\u00e4re Navigationstasten.<\/div>\n<p><\/div> <!-- description --><\/div><\/div><!-- porto-sicon-box --><\/div><\/div><\/div><\/div><\/div>\n<\/div>","protected":false},"excerpt":{"rendered":"<h4 class=\"good_tips\"><span style=\"font-size: 20px;\">Fortschrittliche Wearable-Innovation \u2013 Ihr strategischer Vorsprung in der modernen Industrie<\/span><\/h4>\n<p>Tauchen Sie ein in die Zukunft mit dem tragbaren Mobilcomputer ME10. Dieses fortschrittliche Wearable revolutioniert die praktische Arbeit und erm\u00f6glicht Ihnen mehr Effizienz in unterschiedlichsten Branchen. Ob Bestandsverwaltung, Logistik oder Einzelhandel \u2013 der ME10 \u00fcberzeugt durch seine integrierten technologischen Fortschritte. Erleben Sie die Leistungsf\u00e4higkeit reibungsloser Abl\u00e4ufe dank robuster Verarbeitung, verbesserter Konnektivit\u00e4t und vielseitiger Funktionalit\u00e4t. Mit Designelementen, die Benutzerkomfort und Anpassungsf\u00e4higkeit in den Vordergrund stellen, ist er mehr als nur ein Ger\u00e4t: Ihr strategischer Vorteil im digitalen Zeitalter.<\/p>\n<p><img decoding=\"async\" class=\"alignnone wp-image-13608\" src=\"https:\/\/meferi.com\/wp-content\/uploads\/2025\/11\/AER.svg\" alt=\"\" width=\"77\" \/> \u00a0<img decoding=\"async\" class=\"alignnone wp-image-13610\" src=\"https:\/\/meferi.com\/wp-content\/uploads\/2025\/11\/GMS.svg\" alt=\"\" width=\"55\" \/>\u00a0 <img decoding=\"async\" class=\"alignnone wp-image-13604\" src=\"https:\/\/meferi.com\/wp-content\/uploads\/2025\/11\/wifi-6.svg\" alt=\"\" width=\"44\" \/>\u00a0\u00a0<img decoding=\"async\" class=\"alignnone wp-image-13613\" src=\"https:\/\/meferi.com\/wp-content\/uploads\/2025\/11\/NFC.svg\" alt=\"\" width=\"44\" \/> \u00a0<img decoding=\"async\" class=\"alignnone wp-image-13603\" src=\"https:\/\/meferi.com\/wp-content\/uploads\/2025\/11\/BT.svg\" alt=\"\" width=\"99\" \/>\u00a0 <img decoding=\"async\" class=\"alignnone wp-image-13615\" src=\"https:\/\/meferi.com\/wp-content\/uploads\/2025\/11\/Scan-the-QR-code.svg\" alt=\"\" width=\"36\" \/> <img loading=\"lazy\" decoding=\"async\" class=\"alignnone wp-image-13617\" src=\"https:\/\/meferi.com\/wp-content\/uploads\/2025\/08\/soti.png\" alt=\"\" width=\"66\" height=\"32\" \/><\/p>","protected":false},"featured_media":371,"template":"","meta":{"_acf_changed":false},"product_brand":[],"product_cat":[68,42],"product_tag":[],"class_list":{"0":"post-367","1":"product","2":"type-product","3":"status-publish","4":"has-post-thumbnail","6":"product_cat-mobile-computers","7":"product_cat-wearable-computers","9":"first","10":"instock","11":"featured","12":"shipping-taxable","13":"product-type-simple"},"acf":[],"_links":{"self":[{"href":"https:\/\/meferi.com\/de\/wp-json\/wp\/v2\/product\/367","targetHints":{"allow":["GET"]}}],"collection":[{"href":"https:\/\/meferi.com\/de\/wp-json\/wp\/v2\/product"}],"about":[{"href":"https:\/\/meferi.com\/de\/wp-json\/wp\/v2\/types\/product"}],"wp:featuredmedia":[{"embeddable":true,"href":"https:\/\/meferi.com\/de\/wp-json\/wp\/v2\/media\/371"}],"wp:attachment":[{"href":"https:\/\/meferi.com\/de\/wp-json\/wp\/v2\/media?parent=367"}],"wp:term":[{"taxonomy":"product_brand","embeddable":true,"href":"https:\/\/meferi.com\/de\/wp-json\/wp\/v2\/product_brand?post=367"},{"taxonomy":"product_cat","embeddable":true,"href":"https:\/\/meferi.com\/de\/wp-json\/wp\/v2\/product_cat?post=367"},{"taxonomy":"product_tag","embeddable":true,"href":"https:\/\/meferi.com\/de\/wp-json\/wp\/v2\/product_tag?post=367"}],"curies":[{"name":"wp","href":"https:\/\/api.w.org\/{rel}","templated":true}]}}