{"id":9630,"date":"2025-10-01T08:39:58","date_gmt":"2025-10-01T06:39:58","guid":{"rendered":"https:\/\/meferi.com\/?page_id=9630"},"modified":"2026-01-13T10:45:16","modified_gmt":"2026-01-13T09:45:16","slug":"meferi-community-growth-giveaway-official-rules","status":"publish","type":"page","link":"https:\/\/meferi.com\/de\/meferi-community-growth-giveaway-official-rules\/","title":{"rendered":"MEFERI Community-Wachstums-Geschenk \u2013 Offizielle Regeln"},"content":{"rendered":"<div class=\"wpb-content-wrapper\"><div class=\"vc_row wpb_row row top-row gradient-container-1 wpb_custom_034b39d9bc6c6b310d69e39f0ccf274f\"><div class=\"gradient-column-1 vc_column_container col-md-12\"><div class=\"wpb_wrapper vc_column-inner\">\r\n\t<div class=\"wpb_text_column wpb_content_element wpb_custom_7c91d232724f73626cc933bd95b25ff0\" >\r\n\t\t<div class=\"wpb_wrapper\">\r\n\t\t\t<h1><strong>MEFERI Community-Wachstums-Geschenk \u2013 Offizielle Regeln<\/strong><\/h1>\n<p><strong>(G\u00fcltig ab dem Datum der Ver\u00f6ffentlichung, Ver\u00f6ffentlicht am:\u00a0<b>1. Oktober 2025 um 08:39 Uhr<\/b>)<\/strong><\/p>\n<hr \/>\n<p><strong>Promoter<\/strong><\/p>\n<p>MEFERI Technologies Co., Ltd., Einheit 3-2, Geb\u00e4ude 4, Nr. 2555, Abschnitt 2, Huanglong Avenue, Shuangliu District, Chengdu 610000, Sichuan, VR China. Kontakt:\u00a0<a href=\"mailto:campaigns@meferi.com\"><strong>campaigns@meferi.com<\/strong><\/a><\/p>\n<p><strong>Teilnahmeberechtigung<\/strong><\/p>\n<p>Diese Werbeaktion steht nur nat\u00fcrlichen Personen ab 18 Jahren offen, die ein Unternehmen vertreten und in gesch\u00e4ftlicher Funktion als folgende Personen teilnehmen:<\/p>\n<p>\u2013 bestehende oder eingetragene Partner der MEFERI Technologies Co., Ltd.;<br \/>\n\u2013 potenzielle Partner von MEFERI Technologies Co., Ltd.;<br \/>\n\u2013 bestehende Endkunden der MEFERI Technologies Co., Ltd.;<br \/>\n\u2013 potenzielle Endkunden von MEFERI Technologies Co., Ltd.<\/p>\n<p>Die Teilnahme an dieser Aktion ist nur nach erfolgreicher Registrierung \u00fcber das offizielle Registrierungsformular auf der MEFERI-Aktionsseite g\u00fcltig. Die Registrierung ist obligatorisch. Personen, die MEFERI in den sozialen Medien folgen, aber das Registrierungsformular nicht ausf\u00fcllen, gelten nicht als Teilnehmer und sind von der Verlosung ausgeschlossen.<\/p>\n<p>Um teilnahmeberechtigt zu sein, muss ein Teilnehmer folgende Voraussetzungen erf\u00fcllen:<br \/>\n(a) das offizielle Anmeldeformular f\u00fcr Werbeaktionen vollst\u00e4ndig ausf\u00fcllen, einschlie\u00dflich des Feldes \u201cFirmenname\u201d.;<br \/>\nb) ihren Benutzernamen aus ihrem Social-Media-Profil im Anmeldeformular anzugeben;<br \/>\n(c) Follower des jeweiligen MEFERI-Social-Media-Kanals zu sein, der zum Zeitpunkt der Preisverlosung den entsprechenden Follower-Meilenstein erreicht hat.<\/p>\n<p>Wenn ein Teilnehmer dem jeweiligen Social-Media-Kanal, der den Meilenstein des Gewinnspiels ausgel\u00f6st hat, nicht folgt, ist dieser Teilnehmer nicht zur Teilnahme an der Verlosung berechtigt, selbst wenn er auf der Landingpage der Werbeaktion registriert ist.<\/p>\n<p>Einsendungen der folgenden Personen sind NICHT zul\u00e4ssig:<br \/>\n(a) Mitarbeiter, Auftragnehmer oder Vertreter von MEFERI Technologies Co., Ltd. sowie deren unmittelbare Familienangeh\u00f6rige;<br \/>\nb) Vertreter, Mitarbeiter oder verbundene Unternehmen konkurrierender Hardwaremarken der Typen AIDC, POS, Auto-ID, OEM oder ODM;<br \/>\nc) Personen, die kein Unternehmen vertreten oder einen Beitrag ohne ausgef\u00fclltes Anmeldeformular einreichen;<br \/>\n(d) doppelte, unvollst\u00e4ndige oder nicht \u00fcberpr\u00fcfbare Eintr\u00e4ge.<\/p>\n<p>Nur Teilnehmer, die das offizielle Anmeldeformular f\u00fcr die Werbeaktion erfolgreich ausgef\u00fcllt haben, alle in diesen offiziellen Regeln festgelegten Teilnahmevoraussetzungen erf\u00fcllen und zum Zeitpunkt der Preisverlosung als Follower des jeweiligen MEFERI-Social-Media-Kanals verifiziert sind, der den f\u00fcr diese Preisverlosung festgelegten Follower-Meilenstein erreicht hat, werden in die zuf\u00e4llige Preisverlosung einbezogen.<\/p>\n<p><strong>Aktionszeitraum<\/strong><\/p>\n<p>Die Aktion beginnt mit der Ver\u00f6ffentlichung dieser offiziellen Regeln auf der offiziellen Aktionsseite und l\u00e4uft weiter. Die Aktion endet nach Abschluss der dritten und letzten Verlosung und Bekanntgabe des Gewinners.<\/p>\n<p><strong>So nehmen Sie teil (kein Kauf erforderlich)<\/strong><\/p>\n<p>Um am Gewinnspiel teilzunehmen und f\u00fcr alle Verlosungen qualifiziert zu sein, m\u00fcssen Sie die folgenden Schritte ausf\u00fchren:<\/p>\n<ol>\n<li>Besuchen Sie die offizielle Aktionsseite des MEFERI Community Growth Giveaways und f\u00fcllen Sie das Teilnahmeformular w\u00e4hrend des Aktionszeitraums aus: <strong><a href=\"https:\/\/meferi.com\/de\/promotions\/meferi-giveaway\/\" target=\"_blank\" rel=\"noopener\">https:\/\/meferi.com\/en\/promotions\/meferi-giveaway\/<\/a><\/strong><\/li>\n<li>Bitte geben Sie im offiziellen Teilnahmeformular f\u00fcr die Werbeaktion genaue und vollst\u00e4ndige Informationen an, einschlie\u00dflich eines g\u00fcltigen Firmennamens und Ihres Social-Media-Profils\/Benutzernamens, mit dem Sie MEFERI folgen.<\/li>\n<\/ol>\n<p><strong>Preise und Meilensteinverlosungen<\/strong><\/p>\n<p>Insgesamt werden drei (3) Preise in drei separaten Verlosungen vergeben. Jede Verlosung wird durch einen bestimmten Follower-Meilenstein ausgel\u00f6st. Ein Teilnehmer kann w\u00e4hrend der gesamten Aktion nur einen (1) Preis gewinnen.<\/p>\n<p>Die f\u00fcr diese Aktion berechtigten meferi-Social-Media-Kan\u00e4le sind:\u00a0<strong>LinkedIn, Facebook, X (fr\u00fcher Twitter), Instagram und YouTube.<\/strong><\/p>\n<ul>\n<li><strong>Ziehung 1: Follower-Meilenstein 500<\/strong>\n<ul>\n<li><strong>Ausl\u00f6sen:<\/strong>\u00a0Diese Ziehung wird aktiviert, wenn die\u00a0<em>Erste<\/em>\u00a0der berechtigten meferi-Social-Media-Kan\u00e4le erreichen 500 Follower\/Abonnenten.<\/li>\n<li><strong>Preis:<\/strong>\u00a0Ein (1) Gewinner erh\u00e4lt ein (1) Paar Apple AirPods Pro (neuestes verf\u00fcgbares Modell zum Zeitpunkt der Verlosung).<\/li>\n<\/ul>\n<\/li>\n<li><strong>Ziehung 2: Meilenstein 3000 Follower<\/strong>\n<ul>\n<li><strong>Ausl\u00f6sen:<\/strong>\u00a0Diese Ziehung wird aktiviert, wenn die\u00a0<em>Erste<\/em> der teilnahmeberechtigten MEFERI-Social-Media-Kan\u00e4le erreicht 3.000 Follower\/Abonnenten.<\/li>\n<li><strong>Preis:<\/strong>\u00a0Ein (1) Gewinner erh\u00e4lt eine (1) Apple Watch (neuestes verf\u00fcgbares Modell zum Zeitpunkt der Ziehung).<\/li>\n<\/ul>\n<\/li>\n<li><strong>Ziehung 3: Meilenstein 5.000 Follower<\/strong>\n<ul>\n<li><strong>Ausl\u00f6sen:<\/strong>\u00a0Diese Ziehung wird aktiviert, wenn die\u00a0<em>Erste<\/em> der teilnahmeberechtigten MEFERI-Social-Media-Kan\u00e4le erreicht 5.000 Follower\/Abonnenten.<\/li>\n<li><strong>Preis:<\/strong>\u00a0Ein (1) Gewinner erh\u00e4lt ein (1) Apple iPhone Pro (neuestes verf\u00fcgbares Modell zum Zeitpunkt der Ziehung).<\/li>\n<\/ul>\n<\/li>\n<\/ul>\n<p><strong>Allgemeine Gewinnbedingungen:<\/strong>\u00a0Alle Preise sind nicht \u00fcbertragbar und es wird keine Barauszahlung oder andere Alternative angeboten. Apple Inc. ist weder Sponsor noch Verwalter noch Teilnehmer dieser Aktion.<\/p>\n<p><strong>Verifizierung &amp; Gewinnerbest\u00e4tigung<\/strong><\/p>\n<p>1. MEFERI w\u00e4hlt nach dem Zufallsprinzip einen potenziellen Gewinner aus der Datenbank der Teilnehmer aus, die das offizielle Anmeldeformular ausgef\u00fcllt haben.<\/p>\n<p>2. Bevor ein Gewinner best\u00e4tigt wird, \u00fcberpr\u00fcft MEFERI Folgendes:<br \/>\n(a) Der Teilnehmer hat das offizielle Anmeldeformular f\u00fcr die Werbeaktion ausgef\u00fcllt;<br \/>\nb) Der Teilnehmer hat im Anmeldeformular ein g\u00fcltiges Social-Media-Profil\/einen g\u00fcltigen Benutzernamen angegeben;<br \/>\n(c) Der Teilnehmer erf\u00fcllt alle Teilnahmevoraussetzungen gem\u00e4\u00df diesen offiziellen Regeln.<\/p>\n<p>3. Erf\u00fcllt der potenzielle Gewinner eine der oben genannten Bedingungen nicht, wird er von der Ziehung ausgeschlossen, und ein neuer potenzieller Gewinner wird ausgew\u00e4hlt und nach denselben Kriterien \u00fcberpr\u00fcft.<\/p>\n<p>MEFERI kontaktiert den verifizierten Gewinner \u00fcber die im Teilnahmeformular angegebene E-Mail-Adresse. Name und Social-Media-Profil des Gewinners m\u00fcssen mit den bei der Teilnahme angegebenen Informationen \u00fcbereinstimmen. Nach der Verifizierung gibt MEFERI den Gewinner offiziell auf seinen Social-Media-Kan\u00e4len bekannt.<\/p>\n<p><strong>Datenschutz (DSGVO)<\/strong><\/p>\n<ul>\n<li><strong>Regler:<\/strong>\u00a0MEFERI Technologies Co., Ltd.<\/li>\n<li><strong>Zweck und Rechtsgrundlage:<\/strong>\u00a0Der Hauptzweck der Verarbeitung Ihrer personenbezogenen Daten besteht in der Durchf\u00fchrung dieses laufenden Gewinnspiels und der Zusendung von Marketingmitteilungen. Rechtsgrundlage f\u00fcr alle Verarbeitungsaktivit\u00e4ten ist Ihre ausdr\u00fcckliche\u00a0<strong>Zustimmung<\/strong>\u00a0(Art. 6 Abs. 1 lit. a DSGVO), die Sie mit dem Absenden des Teilnahmeformulars bereitstellen.<\/li>\n<li><strong>Widerruf der Einwilligung:<\/strong>\u00a0Sie k\u00f6nnen Ihre Einwilligung zum Erhalt zuk\u00fcnftiger Marketing-E-Mails jederzeit widerrufen, indem Sie auf den Link \u201eAbmelden\u201c klicken. Durch den Widerruf der Marketing-Mitteilungen wird Ihr Eintrag nicht aus dieser Giveaway-Datenbank entfernt. Um vom Giveaway vollst\u00e4ndig zur\u00fcckzutreten, m\u00fcssen Sie die L\u00f6schung Ihrer Daten beantragen, indem Sie uns unter folgender Adresse kontaktieren:\u00a0<a href=\"mailto:legal@meferi.com\"><strong>legal@meferi.com<\/strong><\/a>.<\/li>\n<li><strong>Verarbeitete Daten:<\/strong>\u00a0Vorname, Nachname, E-Mail-Adresse und Social-Media-Handle. Zur Koordination der Preis\u00fcbergabe kann von den Gewinnern eine Telefonnummer verlangt werden.<\/li>\n<li><strong>Zur\u00fcckbehaltung:<\/strong>\u00a0Daten aus Gewinnspielteilnahmen werden bis zum Ende der Aktion gespeichert. Wenn Sie dem Marketing zugestimmt haben, werden Ihre Daten bis zum Widerruf gespeichert. Daten von Gewinnern werden zu Pr\u00fcfungs- und Compliance-Zwecken bis zu f\u00fcnf Jahre lang gespeichert.<\/li>\n<li><strong>Rechte:<\/strong>\u00a0Sie haben das Recht auf Auskunft, Berichtigung, L\u00f6schung oder Einschr\u00e4nkung der Verarbeitung Ihrer Daten sowie das Recht auf Daten\u00fcbertragbarkeit. Um diese Rechte auszu\u00fcben, kontaktieren Sie uns bitte unter\u00a0<a href=\"mailto:legal@meferi.com\"><strong>legal@meferi.com<\/strong><\/a>Sie k\u00f6nnen sich auch an Ihre lokale Datenschutzbeh\u00f6rde wenden.<\/li>\n<li><strong>\u00dcberweisungen:<\/strong>\u00a0Wenn Daten au\u00dferhalb des EWR gespeichert oder verarbeitet werden, verwendet MEFERI entsprechende Sicherheitsvorkehrungen (z. B. Standardvertragsklauseln).<\/li>\n<\/ul>\n<p><strong>\u00c4nderungen, Aussetzung oder Beendigung<\/strong><\/p>\n<p>MEFERI Technologies Co., Ltd. beh\u00e4lt sich das Recht vor, diese Werbeaktion nach eigenem Ermessen jederzeit und ohne vorherige Ank\u00fcndigung ganz oder teilweise zu \u00e4ndern, auszusetzen, zu verschieben oder abzusagen, wenn Umst\u00e4nde eintreten, die au\u00dferhalb ihrer zumutbaren Kontrolle liegen oder die Fairness, Integrit\u00e4t oder ordnungsgem\u00e4\u00dfe Durchf\u00fchrung der Werbeaktion beeintr\u00e4chtigen k\u00f6nnten.<\/p>\n<p>\u00c4nderungen dieser offiziellen Regeln werden auf der offiziellen Aktionsseite ver\u00f6ffentlicht und treten ab dem Zeitpunkt der Ver\u00f6ffentlichung in Kraft.<\/p>\n<p><!-- notionvc: 7ea47090-b6d1-4bdf-b3f2-e9d34a5e2ba5 --><\/p>\n\r\n\t\t<\/div>\r\n\t<\/div>\r\n<\/div><\/div><\/div>\n<\/div>","protected":false},"excerpt":{"rendered":"MEFERI Community Growth Giveaway - Official Rules (Effective from the date of publication, Published on:\u00a01 October 2025 at 08:39) Promoter MEFERI Technologies Co., Ltd., Unit 3-2, Building 4, No. 2555, Section 2, Huanglong Avenue, Shuangliu District, Chengdu 610000, Sichuan, P.R. China. Contact:\u00a0campaigns@meferi.com Eligibility This Promotion is open only to natural persons aged 18 years or [...]","protected":false},"author":5,"featured_media":0,"parent":0,"menu_order":0,"comment_status":"closed","ping_status":"closed","template":"","meta":{"_acf_changed":false,"footnotes":""},"industry":[],"class_list":["post-9630","page","type-page","status-publish","hentry"],"acf":[],"_links":{"self":[{"href":"https:\/\/meferi.com\/de\/wp-json\/wp\/v2\/pages\/9630","targetHints":{"allow":["GET"]}}],"collection":[{"href":"https:\/\/meferi.com\/de\/wp-json\/wp\/v2\/pages"}],"about":[{"href":"https:\/\/meferi.com\/de\/wp-json\/wp\/v2\/types\/page"}],"author":[{"embeddable":true,"href":"https:\/\/meferi.com\/de\/wp-json\/wp\/v2\/users\/5"}],"replies":[{"embeddable":true,"href":"https:\/\/meferi.com\/de\/wp-json\/wp\/v2\/comments?post=9630"}],"version-history":[{"count":0,"href":"https:\/\/meferi.com\/de\/wp-json\/wp\/v2\/pages\/9630\/revisions"}],"wp:attachment":[{"href":"https:\/\/meferi.com\/de\/wp-json\/wp\/v2\/media?parent=9630"}],"wp:term":[{"taxonomy":"industry","embeddable":true,"href":"https:\/\/meferi.com\/de\/wp-json\/wp\/v2\/industry?post=9630"}],"curies":[{"name":"wp","href":"https:\/\/api.w.org\/{rel}","templated":true}]}}