{"id":3863,"date":"2025-08-14T14:22:01","date_gmt":"2025-08-14T11:22:01","guid":{"rendered":"https:\/\/meferi.pontima.ru\/?page_id=3863"},"modified":"2025-11-01T12:10:37","modified_gmt":"2025-11-01T11:10:37","slug":"sub-processor-list","status":"publish","type":"page","link":"https:\/\/meferi.com\/de\/support-services\/legal-center\/sub-processor-list\/","title":{"rendered":"Liste der Unterauftragsverarbeiter"},"content":{"rendered":"<div class=\"wpb-content-wrapper\"><div class=\"vc_row wpb_row row top-row gradient-container-1 wpb_custom_034b39d9bc6c6b310d69e39f0ccf274f\"><div class=\"gradient-column-1 vc_column_container col-md-12\"><div class=\"wpb_wrapper vc_column-inner\"><\/div><\/div><\/div><div class=\"vc_row wpb_row row top-row gradient-container-2 vc_custom_1755170329356 wpb_custom_034b39d9bc6c6b310d69e39f0ccf274f\"><div class=\"gradient-column-2 vc_column_container col-md-12 vc_custom_1755170292382\"><div class=\"wpb_wrapper vc_column-inner\">\r\n\t<div class=\"wpb_text_column wpb_content_element wpb_custom_7c91d232724f73626cc933bd95b25ff0\" >\r\n\t\t<div class=\"wpb_wrapper\">\r\n\t\t\t<div class=\"our_adv_wrap\" data-v-57f61548=\"\">\n<div class=\"our_adv_title_wrap line_title_wrap\" data-v-57f61548=\"\">\n<h1 class=\"line_title\" style=\"text-align: left;\"><span style=\"font-size: 40px;\">Liste der Unterauftragsverarbeiter<\/span><\/h1>\n<div class=\"lang_wrap\" data-v-57f61548=\"\">\n<div class=\"el-select\" data-v-57f61548=\"\">\n<div class=\"el-input el-input--suffix\"><\/div>\n<\/div>\n<\/div>\n<\/div>\n<\/div>\n<div class=\"des_main_wrap\" data-v-57f61548=\"\">\n<div class=\"item_title_wrap small_titlw_wrap\" data-v-57f61548=\"\">\n<div class=\"item_title\" data-v-57f61548=\"\">MEFERI Technologies Co., Ltd. (\u201eMEFERI\u201c, \u201eWir\u201c, \u201eUns\u201c oder \u201eUnser\u201c) verpflichtet sich zur Transparenz hinsichtlich der Art und Weise, wie wir personenbezogene Daten im Auftrag unserer Kunden verarbeiten. Diese Seite enth\u00e4lt Informationen \u00fcber die Unterauftragsverarbeiter, die MEFERI mit der Verarbeitung personenbezogener Daten im Zusammenhang mit der Bereitstellung unserer Dienste beauftragt, wie in der Datenverarbeitungsvereinbarung (\u201eDPA\u201c) von MEFERI definiert.<\/div>\n<div class=\"item_tips item_tips_wrap\" data-v-57f61548=\"\">\n<div class=\"item_tips_text\" data-v-57f61548=\"\">\n<p><br data-v-57f61548=\"\">MEFERI schlie\u00dft mit jedem Unterauftragsverarbeiter Vereinbarungen ab, die Datenschutzverpflichtungen auferlegen, die mindestens denen in unserem DPA mit unseren Kunden entsprechen. Wir f\u00fchren eine Due-Diligence-Pr\u00fcfung unserer Unterauftragsverarbeiter durch, um den Schutz personenbezogener Daten zu gew\u00e4hrleisten.<br data-v-57f61548=\"\"><br data-v-57f61548=\"\">Diese Liste kann von Zeit zu Zeit aktualisiert werden. Wir informieren unsere Kunden \u00fcber alle geplanten \u00c4nderungen hinsichtlich der Hinzuf\u00fcgung oder Ersetzung von Unterauftragsverarbeitern gem\u00e4\u00df den Bedingungen unserer Datenverarbeitungsvereinbarung.<br data-v-57f61548=\"\"><br data-v-57f61548=\"\">Unsere vollst\u00e4ndige DPA ist verf\u00fcgbar&nbsp;<a href=\"https:\/\/meferi.com\/de\/legal\/data-processing-agreement\/\" target=\"_blank\" rel=\"noopener\" data-v-57f61548=\"\">Hier<\/a>&nbsp;.<br data-v-57f61548=\"\"><br data-v-57f61548=\"\"><\/p>\n<div class=\"item_tips_tit\" data-v-57f61548=\"\">MEFERI Unterauftragsverarbeiter<\/div>\n<p><br data-v-57f61548=\"\">Unterauftragsverarbeiter sind von MEFERI autorisierte Drittparteien, die personenbezogene Daten verarbeiten, die von den Kunden von MEFERI bereitgestellt werden, um die Dienste von MEFERI bereitzustellen.<br data-v-57f61548=\"\"><br data-v-57f61548=\"\">Name der Unterauftragsverarbeiter-EinheitDienstkategorieZweck der Verarbeitung\/f\u00fcr MEFERI bereitgestellte DiensteLand\/Region der Datenverarbeitung (prim\u00e4rer Standort)Link zur Datenschutzdokumentation des Unterauftragsverarbeiters<\/p>\n<table id=\"29ebc854-5bc3-8021-b87d-fe3088845b38\" class=\"simple-table\">\n<thead class=\"simple-table-header\">\n<tr id=\"29ebc854-5bc3-80d0-bf34-e262603c4b8c\">\n<th id=\"m\\b@\" class=\"simple-table-header-color simple-table-header\"><strong>Name der Unterprozessor-Entit\u00e4t<\/strong><\/th>\n<th id=\"E@xw\" class=\"simple-table-header-color simple-table-header\"><strong>Servicekategorie<\/strong><\/th>\n<th id=\"{QR_\" class=\"simple-table-header-color simple-table-header\"><strong>Zweck der Verarbeitung \/ Erbrachte Dienstleistungen f\u00fcr MEFERI<\/strong><\/th>\n<th id=\"}GCX\" class=\"simple-table-header-color simple-table-header\"><strong>Land\/Region der Datenverarbeitung (Prim\u00e4rer Standort)<\/strong><\/th>\n<th id=\"TTyk\" class=\"simple-table-header-color simple-table-header\"><strong>Link zur Datenschutzdokumentation des Unterauftragnehmers<\/strong><\/th>\n<\/tr>\n<\/thead>\n<tbody>\n<tr id=\"29ebc854-5bc3-800b-8e0d-f236a7079fa4\">\n<td id=\"m\\b@\" class=\"\">Amazon Web Services EMEA SARL<\/td>\n<td id=\"E@xw\" class=\"\">Cloud-Infrastrukturanbieter<\/td>\n<td id=\"{QR_\" class=\"\">Bereitstellung der zugrundeliegenden Cloud-Computing-Infrastruktur (einschlie\u00dflich Server, Speicher, Netzwerk, Datenbanken) f\u00fcr das Hosting der Kerndienste von MEFERI f\u00fcr Kunden (wie die MEFERI Shadowalk MDM\/EMM Cloud-L\u00f6sung und die Cloud-basierten Komponenten des CIAO Intelligent Shopper Assistant (ISA)) und des Partnerportals von MEFERI (<a href=\"http:\/\/portal.meferi.com\/\">portal.meferi.com<\/a>).<\/td>\n<td id=\"}GCX\" class=\"\">Europ\u00e4ischer Wirtschaftsraum (EWR) \u2013 Frankreich (AWS-Region eu-west-3)<\/td>\n<td id=\"TTyk\" class=\"\"><a href=\"https:\/\/aws.amazon.com\/service-terms\/data-processing-addendum\/\">AWS-Datenverarbeitungszusatz<\/a> , <a href=\"https:\/\/aws.amazon.com\/compliance\/gdpr-center\/\">AWS DSGVO-Compliance-Center<\/a><\/td>\n<\/tr>\n<tr id=\"29ebc854-5bc3-80b6-89ac-eb1162ba2835\">\n<td id=\"m\\b@\" class=\"\">Zoho Corporation BV.<\/td>\n<td id=\"E@xw\" class=\"\">Support- und Kundendiensttools<\/td>\n<td id=\"{QR_\" class=\"\">Bereitstellung eines cloudbasierten Kundensupport-Ticketingsystems und einer Helpdesk-Plattform (Zoho Desk), zug\u00e4nglich unter <a href=\"http:\/\/helpdesk.meferi.com\/\">helpdesk.meferi.com<\/a>, um Supportanfragen im Zusammenhang mit den Diensten zu verwalten.<\/td>\n<td id=\"}GCX\" class=\"\">Europ\u00e4ische Union (EU)<\/td>\n<td id=\"TTyk\" class=\"\"><a href=\"https:\/\/www.zoho.com\/gdpr.html\">Zoho-DSGVO-Verpflichtung<\/a> <a href=\"https:\/\/www.zoho.com\/dpa.html\">Zoho-Datenverarbeitungs-Nachtrag<\/a><\/td>\n<\/tr>\n<tr id=\"29ebc854-5bc3-8094-890b-f8407254c6ce\">\n<td id=\"m\\b@\" class=\"\">Twilio Inc.<\/td>\n<td id=\"E@xw\" class=\"\">Kommunikationsdienstleister<\/td>\n<td id=\"{QR_\" class=\"\">Zum Versenden von SMS-Benachrichtigungen (z. B. kritische Warnmeldungen, Zwei-Faktor-Authentifizierungscodes) an die autorisierten Benutzer des Kunden im Zusammenhang mit den Diensten.<\/td>\n<td id=\"}GCX\" class=\"\">USA<\/td>\n<td id=\"TTyk\" class=\"\"><a href=\"https:\/\/www.twilio.com\/legal\/data-protection-addendum\">Twilio-Datenschutz-Nachtrag<\/a><\/td>\n<\/tr>\n<tr id=\"29ebc854-5bc3-8045-8484-ce79352be118\">\n<td id=\"m\\b@\" class=\"\">Functional Software, Inc. (dba Sentry)<\/td>\n<td id=\"E@xw\" class=\"\">Analyse und \u00dcberwachung der Serviceleistung<\/td>\n<td id=\"{QR_\" class=\"\">Zur Echtzeit-Fehlerverfolgung und Leistungs\u00fcberwachung innerhalb der Cloud-basierten Dienste von MEFERI, um technische Probleme zu identifizieren und zu beheben.<\/td>\n<td id=\"}GCX\" class=\"\">USA<\/td>\n<td id=\"TTyk\" class=\"\"><a href=\"https:\/\/sentry.io\/legal\/dpa\/\"> Nachtrag zur Sentry-Datenverarbeitung <\/a><\/td>\n<\/tr>\n<\/tbody>\n<\/table>\n<p>&nbsp;<\/p>\n<p>Eigene Websites und Portale von MEFERI (<a href=\"https:\/\/meferi.com\/de\/\">meferi.com<\/a>, <a href=\"https:\/\/portal.meferi.com\/\">portal.meferi.com<\/a>, <a href=\"https:\/\/helpdesk.meferi.com\/\">helpdesk.meferi.com<\/a>, usw.)<\/p>\n<p>MEFERI betreibt verschiedene Websites und Portale, um mit Interessenten, Kunden und Partnern in Kontakt zu treten. Es ist wichtig, zwischen der Rolle von MEFERI als Datenverantwortlicher f\u00fcr die eigenen Websites und als Datenverarbeiter f\u00fcr die den Kunden angebotenen Dienstleistungen zu unterscheiden.<\/p>\n<ul>\n<li>Wann MEFERI Datenverantwortlicher ist: Wenn Sie personenbezogene Daten direkt \u00fcber unsere Unternehmens- und Marketing-Websites an MEFERI \u00fcbermitteln (z. B. durch Ausf\u00fcllen eines Kontaktformulars auf <a href=\"https:\/\/meferi.com\/de\/\">meferi.com<\/a>), fungiert MEFERI als Datenverantwortlicher. Die Verarbeitung dieser Daten unterliegt den Datenschutzbestimmungen von MEFERI. <a href=\"https:\/\/meferi.com\/de\/support-services\/legal-center\/privacy-policy\/\">Datenschutzrichtlinie<\/a>. Die Infrastruktur f\u00fcr diese Websites wird von Kinsta Inc. bereitgestellt.<\/li>\n<li>Wenn MEFERI als Datenverarbeiter fungiert: Wenn Sie personenbezogene Daten \u00fcber Portale bereitstellen, die Teil der unseren Kunden angebotenen Dienstleistungen sind, agiert MEFERI im Auftrag des Kunden als Datenverarbeiter. Die Infrastruktur f\u00fcr das Partnerportal (<a href=\"https:\/\/portal.meferi.com\/\">portal.meferi.com<\/a>) wird von Amazon Web Services (AWS) bereitgestellt, und die Plattform f\u00fcr das Kundensupportportal (<a href=\"https:\/\/helpdesk.meferi.com\/\">helpdesk.meferi.com<\/a>) wird von der Zoho Corporation BV bereitgestellt. Sowohl AWS als auch Zoho sind in der obigen Tabelle als Unterauftragnehmer aufgef\u00fchrt, da sie Daten verarbeiten, f\u00fcr die unsere Kunden die Verantwortlichen sind.<\/li>\n<\/ul>\n<div class=\"item_tips_tit\" data-v-57f61548=\"\">Partnerl\u00f6sungen von Drittanbietern (keine meferi-Unterauftragsverarbeiter)<\/div>\n<p><br data-v-57f61548=\"\">Die Hardware und Dienste von MEFERI k\u00f6nnen in Verbindung mit Software oder Diensten von Drittanbietern (\u201ePartnerl\u00f6sungen von Drittanbietern\u201c) verwendet werden, wie z. B. Zahlungsl\u00f6sungen, Self-Scanning-Software f\u00fcr den Einzelhandel oder spezielle MDM\/EMM-Plattformen, bei denen der Kunde m\u00f6glicherweise eine direkte Vertragsbeziehung mit diesen Drittanbietern hat.<br data-v-57f61548=\"\"><br data-v-57f61548=\"\">In diesen F\u00e4llen fungiert der Drittanbieter in der Regel als Datenverantwortlicher oder Datenverarbeiter f\u00fcr die personenbezogenen Daten, die er im Zusammenhang mit seinen Diensten verarbeitet, wie in der Vereinbarung des Kunden mit diesem Drittanbieter festgelegt. Diese Partnerl\u00f6sungen von Drittanbietern sind keine Unterauftragsverarbeiter von MEFERI im Sinne unserer DPA, und MEFERI ist nicht f\u00fcr die Datenverarbeitungsaktivit\u00e4ten dieser Drittanbieter verantwortlich, es sei denn, ein solcher Anbieter ist in der obigen Tabelle auch ausdr\u00fccklich als Unterauftragsverarbeiter von MEFERI f\u00fcr einen anderen Zweck aufgef\u00fchrt.<br data-v-57f61548=\"\"><br data-v-57f61548=\"\">Informationen zu Drittanbieter-Partnerl\u00f6sungen, die in die Produkte von MEFERI integriert werden k\u00f6nnen, bei denen der Kunde jedoch eine direkte Beziehung zum Anbieter eingeht, finden Sie in unseren Produktbeschreibungen, wie z. B. der&nbsp;&nbsp;<a href=\"https:\/\/meferi.com\/de\/software\/omniindustry-app-suite\/\" target=\"_blank\" rel=\"noopener\" data-v-57f61548=\"\">OmniIndustry Apps Suite&nbsp;<\/a>, oder kontaktieren Sie uns f\u00fcr weitere Details.<\/p>\n<\/div>\n<\/div>\n<\/div>\n<\/div>\n\r\n\t\t<\/div>\r\n\t<\/div>\r\n<\/div><\/div><\/div>\n<\/div>","protected":false},"excerpt":{"rendered":"Sub-processor List MEFERI Technologies Co., Ltd. (\"MEFERI\", \"We\", \"Us\", or \"Our\") is committed to transparency regarding how We process Personal Data on behalf of Our Customers. This page provides information about the sub-processors MEFERI engages to process Personal Data in connection with the provision of Our Services, as defined in MEFERI's Data Processing Agreement (\"DPA\"). [...]","protected":false},"author":2,"featured_media":0,"parent":1478,"menu_order":0,"comment_status":"closed","ping_status":"closed","template":"","meta":{"_acf_changed":false,"footnotes":""},"industry":[],"class_list":["post-3863","page","type-page","status-publish","hentry"],"acf":[],"_links":{"self":[{"href":"https:\/\/meferi.com\/de\/wp-json\/wp\/v2\/pages\/3863","targetHints":{"allow":["GET"]}}],"collection":[{"href":"https:\/\/meferi.com\/de\/wp-json\/wp\/v2\/pages"}],"about":[{"href":"https:\/\/meferi.com\/de\/wp-json\/wp\/v2\/types\/page"}],"author":[{"embeddable":true,"href":"https:\/\/meferi.com\/de\/wp-json\/wp\/v2\/users\/2"}],"replies":[{"embeddable":true,"href":"https:\/\/meferi.com\/de\/wp-json\/wp\/v2\/comments?post=3863"}],"version-history":[{"count":0,"href":"https:\/\/meferi.com\/de\/wp-json\/wp\/v2\/pages\/3863\/revisions"}],"up":[{"embeddable":true,"href":"https:\/\/meferi.com\/de\/wp-json\/wp\/v2\/pages\/1478"}],"wp:attachment":[{"href":"https:\/\/meferi.com\/de\/wp-json\/wp\/v2\/media?parent=3863"}],"wp:term":[{"taxonomy":"industry","embeddable":true,"href":"https:\/\/meferi.com\/de\/wp-json\/wp\/v2\/industry?post=3863"}],"curies":[{"name":"wp","href":"https:\/\/api.w.org\/{rel}","templated":true}]}}