{"id":14024,"date":"2025-12-08T08:19:14","date_gmt":"2025-12-08T07:19:14","guid":{"rendered":"https:\/\/meferi.com\/?page_id=14024"},"modified":"2025-12-08T10:01:27","modified_gmt":"2025-12-08T09:01:27","slug":"global-terms-and-conditions-of-sale","status":"publish","type":"page","link":"https:\/\/meferi.com\/de\/support-services\/legal-center\/global-terms-and-conditions-of-sale\/","title":{"rendered":"Globale Verkaufsbedingungen"},"content":{"rendered":"<div class=\"wpb-content-wrapper\"><div class=\"vc_row wpb_row row top-row gradient-container-1 wpb_custom_034b39d9bc6c6b310d69e39f0ccf274f\"><div class=\"gradient-column-1 vc_column_container col-md-12\"><div class=\"wpb_wrapper vc_column-inner\"><\/div><\/div><\/div><div class=\"vc_row wpb_row row top-row gradient-container-2 vc_custom_1755170329356 wpb_custom_034b39d9bc6c6b310d69e39f0ccf274f\"><div class=\"gradient-column-2 vc_column_container col-md-12 vc_custom_1755170292382\"><div class=\"wpb_wrapper vc_column-inner\">\r\n\t<div class=\"wpb_text_column wpb_content_element vc_custom_1765184479277 wpb_custom_7c91d232724f73626cc933bd95b25ff0\" >\r\n\t\t<div class=\"wpb_wrapper\">\r\n\t\t\t<h1><strong>MEFERI Globale Verkaufsbedingungen<\/strong><\/h1>\n<p><strong>G\u00fcltig ab: 08.12.2025<\/strong><\/p>\n<p><strong>WICHTIGER HINWEIS:<\/strong><\/p>\n<p>DIESES DOKUMENT STELLT EIN \u00d6FFENTLICHES ANGEBOT DAR. DURCH DIE ABGABE EINER BESTELLUNG, DIE ANNAHME EINES ANGEBOTS ODER DIE \u00dcBERWEISUNG EINER VON MEFERI TECHNOLOGIES CO., LTD. ODER IHREN VERBUNDENEN UNTERNEHMEN AUSGESTELLTEN RECHNUNG ERKL\u00c4RT SICH DER K\u00c4UFER MIT DIESEN GESCH\u00c4FTSBEDINGUNGEN EINVERSTANDEN.<\/p>\n<h3><strong>1. Anwendbarkeit und Umfang<\/strong><\/h3>\n<p><strong>1.1. Allgemeine Anwendbarkeit.<\/strong>\u00a0Diese globalen Verkaufsbedingungen von MEFERI (\u201cBedingungen\u201d) regeln alle Angebote, Kostenvoranschl\u00e4ge, Verk\u00e4ufe und Lieferungen von Produkten, Software und Dienstleistungen durch MEFERI.\u00a0<strong>MEFERI Technologies Co., Ltd.<\/strong>\u00a0und ihre Tochtergesellschaften oder verbundenen Unternehmen (zusammen \u201cMEFERI\u201d oder \u201cVerk\u00e4ufer\u201d) an jeden K\u00e4ufer (\u201cK\u00e4ufer\u201d).<\/p>\n<p><strong>1.2. \u00d6ffentliches Angebot und Annahme.<\/strong> Diese Bedingungen stellen ein dauerhaftes \u00f6ffentliches Angebot zum Verkauf von Produkten und Dienstleistungen dar. Die Annahme durch den K\u00e4ufer wird best\u00e4tigt durch:<\/p>\n<p>(a) Ausstellung einer Bestellung (PO) unter Bezugnahme auf ein Angebot von MEFERI; (b) Bezahlung einer von MEFERI ausgestellten Rechnung (ganz oder teilweise); oder (c) Annahme der Lieferung von Produkten oder Aktivierung von Dienstleistungen.<\/p>\n<p>Diese Bedingungen ersetzen alle vorherigen m\u00fcndlichen oder schriftlichen Vereinbarungen. Im Falle eines Widerspruchs oder einer Unstimmigkeit zwischen diesen Bedingungen und einem spezifischen Rahmenkaufvertrag, Vertriebsvertrag, Partnervertrag oder Dienstleistungsvertrag, der von bevollm\u00e4chtigten Vertretern beider Parteien unterzeichnet wurde, haben die Bestimmungen des jeweiligen unterzeichneten Vertrags Vorrang.<\/p>\n<p><strong>1.3. Modifikation.<\/strong>\u00a0Alle in der Bestellung des K\u00e4ufers oder in anderen Unterlagen enthaltenen Bedingungen, die diesen Bedingungen widersprechen oder sie erg\u00e4nzen, werden hiermit zur\u00fcckgewiesen und sind ung\u00fcltig, sofern sie nicht ausdr\u00fccklich schriftlich von MEFERI akzeptiert werden.<\/p>\n<h3><strong>2. Begriffsbestimmungen<\/strong><\/h3>\n<ul>\n<li><strong>Autorisierter Partner:<\/strong>\u00a0Eine juristische Person (einschlie\u00dflich Distributoren, Wiederverk\u00e4ufer und Servicezentren), die \u00fcber eine g\u00fcltige Lizenz verf\u00fcgt\u00a0<strong>Autorisierte Partnerbescheinigung<\/strong>\u00a0Ausgestellt von MEFERI. Dieser Status unterliegt der j\u00e4hrlichen Erneuerung auf der Grundlage der Erf\u00fcllung der Verpflichtungen aus den mit MEFERI geschlossenen entsprechenden Vertr\u00e4gen.<\/li>\n<li><strong>Affiliate:<\/strong>\u00a0Jede Organisation, die MEFERI kontrolliert, von MEFERI kontrolliert wird oder mit MEFERI unter gemeinsamer Kontrolle steht.<\/li>\n<li><strong>K\u00e4ufer:<\/strong>\u00a0Jede nat\u00fcrliche oder juristische Person, die Produkte oder Dienstleistungen von MEFERI erwirbt, einschlie\u00dflich, aber nicht beschr\u00e4nkt auf\u00a0<strong>Autorisierte Partner<\/strong>\u00a0und Endbenutzer.<\/li>\n<li><strong>Endbenutzer:<\/strong>\u00a0Der Endabnehmer, der das Produkt oder die Dienstleistung f\u00fcr den internen Gebrauch und nicht zum Weiterverkauf erwirbt.<\/li>\n<li><strong>Produkte:<\/strong>\u00a0Das Hardware-Sortiment von MEFERI umfasst unter anderem Mobilcomputer, Scanner, Tablets, fest installierte PCs, Drucker und Zubeh\u00f6r.<\/li>\n<li><strong>Dienstleistungen:<\/strong>\u00a0Materielle und immaterielle Dienstleistungen von MEFERI, einschlie\u00dflich MeCare-Servicevertr\u00e4ge, professionelle Dienstleistungen und Softwarewartung.<\/li>\n<li><strong>Software:<\/strong>\u00a0Maschinenlesbare Anweisungen, einschlie\u00dflich Firmware, Betriebssysteme und Anwendungen (z. B. Shadowalk, MeVision), lizenziert von MEFERI.<\/li>\n<li><strong>MeCare-Vertrag:<\/strong>\u00a0Ein Prepaid-Servicevertrag, der eine erweiterte Garantie, Support und Reparaturabdeckung bietet und den spezifischen \u201cMeCare Allgemeinen Gesch\u00e4ftsbedingungen\u201d unterliegt.\u201d<\/li>\n<li><strong>Ersatzteile:<\/strong>\u00a0Originalkomponenten, Baugruppen und Teile, die von MEFERI geliefert werden und f\u00fcr die Reparatur von Produkten bestimmt sind.\u00a0<strong>Notiz:<\/strong>\u00a0Der Verkauf von Ersatzteilen ist ausschlie\u00dflich autorisierten Servicezentren oder Vertriebspartnern vorbehalten, die im Rahmen eines Hybrid-Servicemodells mit einem g\u00fcltigen Servicevertrag t\u00e4tig sind.<\/li>\n<li><strong>Listenpreis:<\/strong>\u00a0Die unverbindliche Preisempfehlung (UVP) f\u00fcr Produkte und\/oder Dienstleistungen, die von MEFERI f\u00fcr den Verkauf an Endverbraucher innerhalb eines bestimmten Gebiets empfohlen werden.<\/li>\n<li><strong>Preisnachl\u00e4sse (PC):<\/strong>\u00a0Spezielle, projektbezogene Preise oder Rabatte, die von MEFERI auf der Grundlage von bei MEFERI registrierten Projekten gew\u00e4hrt werden. Diese Preise weichen von den Standard-Partnerpreisen ab und werden f\u00fcr spezifische Projekte von Fall zu Fall genehmigt.<\/li>\n<\/ul>\n<h3><strong>3. Bestellungen, Preisgestaltung und Projektregistrierung<\/strong><\/h3>\n<p><strong>3.1. Bestellungen aufgeben.<\/strong>\u00a0Bestellungen erfolgen per formeller Bestellung (PO) oder \u00fcber das MEFERI-Partnerportal. Eine Bestellung stellt ein Kaufangebot dar und bedarf der Annahme durch MEFERI mittels schriftlicher Auftragsbest\u00e4tigung oder Rechnung.<\/p>\n<p><strong>3.2. Preisgestaltung.<\/strong>\u00a0Sofern nicht schriftlich anders vereinbart, gelten die Standardpreise von MEFERI zum Zeitpunkt der Auftragsannahme. Die Preise verstehen sich exklusive Steuern, Z\u00f6lle, Abgaben und Versandkosten (sofern keine abweichenden Incoterms gelten). Die Versandkosten sind vom K\u00e4ufer gem\u00e4\u00df der jeweiligen Rechnung zu tragen, sofern nicht in einem separaten Dokument etwas anderes vereinbart wurde.<\/p>\n<p><strong>3.3. Projektregistrierung f\u00fcr Preisnachl\u00e4sse (PC).<\/strong><\/p>\n<p>Wenn die Standardpreise f\u00fcr ein bestimmtes Projekt aufgrund von Marktbedingungen, Volumen oder strategischer Bedeutung nicht wettbewerbsf\u00e4hig sind, kann der K\u00e4ufer (sofern er ein autorisierter Partner ist) das Projekt \u00fcber das MEFERI-Partnerportal registrieren. <a href=\"https:\/\/portal.meferi.com\/\">https:\/\/portal.meferi.com\/<\/a>.<\/p>\n<ul>\n<li><strong>Verfahren:<\/strong>\u00a0Der K\u00e4ufer muss genaue Projektdetails einreichen. MEFERI wird den Antrag pr\u00fcfen und kann nach eigenem Ermessen eine Preisnachlass gew\u00e4hren.<\/li>\n<li><strong>Bedingungen:<\/strong>\u00a0Produkte, die im Rahmen einer Preisverg\u00fcnstigung erworben wurden, d\u00fcrfen nur an den in der Registrierung angegebenen Endkunden und f\u00fcr das dort angegebene Projekt verkauft werden. Die Weitergabe dieser Waren an andere Kunden kann zum Entzug der Preisverg\u00fcnstigung und zu Strafen f\u00fchren.<\/li>\n<\/ul>\n<p><strong>3.4. Rechnungsstellung und Zahlung.<\/strong><\/p>\n<ul>\n<li><strong>Allgemeine Gesch\u00e4ftsbedingungen:<\/strong>\u00a0100% Vorauszahlung vor Versand\/Aktivierung, es sei denn, es wurden ausdr\u00fccklich schriftlich Zahlungsbedingungen gew\u00e4hrt.<\/li>\n<li><strong>W\u00e4hrung:<\/strong>\u00a0Die Zahlung muss in der auf der Rechnung angegebenen W\u00e4hrung erfolgen (in der Regel USD, EUR oder CNY).<\/li>\n<li><strong>Zahlungsverzug:<\/strong>\u00a0MEFERI beh\u00e4lt sich das Recht vor, Lieferungen oder die Aktivierung von Diensten auszusetzen, wenn Zahlungen \u00fcberf\u00e4llig sind.<\/li>\n<\/ul>\n<h3><strong>4. Vertriebskan\u00e4le und Direktvertriebspolitik<\/strong><\/h3>\n<p><strong>4.1. Channel-First-Strategie.<\/strong>\u00a0MEFERI agiert prim\u00e4r \u00fcber ein globales Netzwerk autorisierter Distributoren, Wiederverk\u00e4ufer und Partner. MEFERI setzt sich f\u00fcr den Schutz und die Unterst\u00fctzung dieses Partnernetzwerks ein.<\/p>\n<p><strong>4.2. Direktvertriebsbestimmungen.<\/strong>\u00a0Ungeachtet des Vorstehenden beh\u00e4lt sich MEFERI das Recht vor, Produkte und Dienstleistungen unter den folgenden spezifischen Umst\u00e4nden direkt an einen Endnutzer oder K\u00e4ufer zu verkaufen, um die Gesch\u00e4ftskontinuit\u00e4t und den Markenruf zu gew\u00e4hrleisten:<\/p>\n<p>(A)\u00a0<strong>Abwesenheit von Partnern:<\/strong>\u00a0Falls im jeweiligen Gebiet oder der jeweiligen Region des Endnutzers kein autorisierter Distributor oder Wiederverk\u00e4ufer existiert, der in der Lage ist, die Bestellung auszuf\u00fchren (einschlie\u00dflich Zollabfertigung und lokaler Lieferung).<\/p>\n<p>(B)\u00a0<strong>Nichteinhaltung durch Partner:<\/strong>\u00a0Wenn der benannte Partner, Vertriebspartner oder verbundene Betrieb gegen seine Vereinbarung mit MEFERI wesentlich verst\u00f6\u00dft oder die vom Kunden geforderten angemessenen Serviceleistungen nicht erbringt.<\/p>\n<p>(C)\u00a0<strong>Strategische Notwendigkeit:<\/strong>\u00a0Nach gegenseitiger Vereinbarung mit dem Endnutzer oder wenn die Komplexit\u00e4t der L\u00f6sung eine direkte Einbindung des Herstellers erfordert.<\/p>\n<ul>\n<li><em>Notiz:<\/em>\u00a0In solchen F\u00e4llen strebt MEFERI die \u00dcbertragung des Kontos an einen qualifizierten Partner an, sobald ein solcher gefunden oder die Probleme gel\u00f6st sind.<\/li>\n<\/ul>\n<h3><strong>5. Softwarelizenzierung (Shadowalk &amp; Firmware)<\/strong><\/h3>\n<p><strong>5.1. Lizenz, nicht Verkauf.<\/strong>\u00a0S\u00e4mtliche von MEFERI bereitgestellte Software (integriert in Hardware oder als Standalone-L\u00f6sung) wird lizenziert, nicht verkauft. Die Nutzung der Software unterliegt den geltenden Bestimmungen.\u00a0<strong>Endbenutzer-Lizenzvereinbarung (EULA)<\/strong>\u00a0und\/oder spezifische Nutzungsbedingungen.<\/p>\n<p><strong>5.2. Shadowalk MDM\/EMM-Lizenzmodelle.<\/strong><\/p>\n<p>MEFERI bietet seine Shadowalk-L\u00f6sung (Mobile Device Management) in zwei verschiedenen Modellen an. Der K\u00e4ufer muss das gew\u00fcnschte Modell in der Bestellung angeben:<\/p>\n<ul>\n<li><strong>(A) Cloud-Lizenz (SaaS):<\/strong>\u00a0Ein abonnementbasiertes Modell, das auf der Cloud-Infrastruktur von MEFERI gehostet wird. MEFERI ist f\u00fcr Serverwartung, Sicherheit und Verf\u00fcgbarkeit verantwortlich. Der K\u00e4ufer erh\u00e4lt die Zugangsdaten nach Zahlungseingang.<\/li>\n<li><strong>(B) Lizenz f\u00fcr die Nutzung vor Ort:<\/strong>\u00a0Eine unbefristete oder zeitlich befristete Lizenz, die auf den lokalen Servern des K\u00e4ufers (oder Endnutzers) installiert wird. Dieses Modell ist f\u00fcr Kunden mit strengen Richtlinien zur Datensouver\u00e4nit\u00e4t oder Unternehmenssicherheit vorgesehen, die die Nutzung von Cloud-Diensten untersagen. Der K\u00e4ufer tr\u00e4gt die volle Verantwortung f\u00fcr die Serverinfrastruktur, die Datensicherung und die Sicherheit in seiner Umgebung.<\/li>\n<\/ul>\n<p><strong>5.3. Firmware.<\/strong>\u00a0Dem K\u00e4ufer wird eine beschr\u00e4nkte, nicht \u00fcbertragbare Lizenz zur Nutzung der Firmware ausschlie\u00dflich f\u00fcr den Betrieb des jeweiligen MEFERI-Produkts, auf dem sie installiert ist, gew\u00e4hrt.<\/p>\n<h3><strong>6. MeCare-Servicevertr\u00e4ge<\/strong><\/h3>\n<p><strong>6.1. Art der Transaktion.<\/strong>\u00a0Der MeCare-Servicevertrag stellt die Verpflichtung von MEFERI dar, erweiterten Support sowie Reparatur- und Wartungsleistungen anzubieten. Dieser Vertrag fungiert als digitales Produkt.<\/p>\n<p><strong>6.2. Erwerb und Zahlungskette.<\/strong><\/p>\n<ul>\n<li><strong>Kaufen:<\/strong>\u00a0MeCare-Vertr\u00e4ge k\u00f6nnen von Endnutzern \u00fcber autorisierte Partner oder direkt von MEFERI-Tochtergesellschaften erworben werden.<\/li>\n<li><strong>Geldfluss:<\/strong>\u00a0Der Endnutzer zahlt an den Verk\u00e4ufer (z. B. Wiederverk\u00e4ufer). Der Verk\u00e4ufer leitet die Zahlung \u00fcber die Lieferkette (z. B. \u00fcber einen Distributor) an MEFERI weiter.<\/li>\n<li><strong>Verpflichtung:<\/strong>\u00a0Nach erfolgreicher Zahlung, Aktivierung und Zuweisung des MeCare-Vertrags an ein bestimmtes autorisiertes Servicecenter \u00fcbernimmt dieses autorisierte Servicecenter die operative Verpflichtung zur Erbringung der Reparatur- und Supportleistungen gem\u00e4\u00df den geltenden Allgemeinen Gesch\u00e4ftsbedingungen von MeCare.<\/li>\n<\/ul>\n<p><strong>6.3. Aktivierung und Steuerung.<\/strong><\/p>\n<ul>\n<li><strong>Keine separate Unterschrift erforderlich:<\/strong>\u00a0Die Zahlung der Rechnung mit der MeCare-Service-Artikelnummer gilt als Annahme der Bedingungen. Zur Best\u00e4tigung des Versicherungsschutzes ist keine physische Unterschrift erforderlich.<\/li>\n<li><strong>Dokumentation:<\/strong>\u00a0Nach der Bearbeitung der Bestellung generiert MEFERI eine Best\u00e4tigung und sendet diese per E-Mail.\u00a0<strong>Serviceaktivierungspaket<\/strong>, einschlie\u00dflich:\n<ol>\n<li><strong>Aktivierungsschreiben:<\/strong>\u00a0Best\u00e4tigung der Abdeckungsdaten und Seriennummern.<\/li>\n<li><strong>Leitfaden zu den MeCare-Supportdiensten:<\/strong>\u00a0Anleitung zur Anforderung einer Serviceleistung (RMA).<\/li>\n<li><strong>Allgemeine Nutzungsbedingungen:<\/strong>\u00a0Die spezifischen rechtlichen Bestimmungen, die f\u00fcr den gew\u00e4hlten Tarif gelten (z. B. MeCare Lite, Plus, Ultimate).<\/li>\n<\/ol>\n<\/li>\n<li><strong>Dienstleistungserbringung:<\/strong>\u00a0Reparaturen und Supportleistungen werden vom n\u00e4chstgelegenen autorisierten MEFERI-Servicecenter am Standort des Endbenutzers durchgef\u00fchrt, wodurch lokaler Sprachsupport gew\u00e4hrleistet und der logistische Aufwand minimiert wird.<\/li>\n<\/ul>\n<h3><strong>7. Lieferung, Eigentumsvorbehalt und Gefahr\u00fcbergang<\/strong><\/h3>\n<p><strong>7.1. Lieferbedingungen.<\/strong>\u00a0Sofern auf der Rechnung nichts anderes angegeben ist, gelten f\u00fcr physische Produkte folgende Lieferbedingungen:\u00a0<strong>FCA (Free Carrier)<\/strong>\u00a0Das von MEFERI benannte Lager (Incoterms\u00ae 2020). Die Liefertermine sind nur Sch\u00e4tzungen.<\/p>\n<p><strong>7.2. Eigentum und Risiko.<\/strong><\/p>\n<ul>\n<li><strong>Verlustrisiko:<\/strong>\u00a0Das Eigentum geht mit der \u00dcbergabe der Produkte an den ersten Spediteur auf den K\u00e4ufer \u00fcber.<\/li>\n<li><strong>Eigentumsvorbehalt:<\/strong>\u00a0MEFERI beh\u00e4lt das Eigentum an den Produkten bis zur vollst\u00e4ndigen Bezahlung.<\/li>\n<\/ul>\n<p><strong>7.3. Elektronische Zustellung.<\/strong>\u00a0Die Lizenzen f\u00fcr Dienstleistungen und Software gelten als \u201cgeliefert\u201d, sobald die Aktivierungsschl\u00fcssel, die Anmeldeinformationen oder das Service-Aktivierungspaket an die vom K\u00e4ufer in der Bestellung oder den Bestelldetails angegebene E-Mail-Adresse \u00fcbermittelt wurden.<\/p>\n<h3><strong>8. Einschr\u00e4nkungen bei Ersatzteilen<\/strong><\/h3>\n<p><strong>8.1. Nur f\u00fcr autorisierte K\u00e4ufer.<\/strong>\u00a0Der Verkauf von Ersatzteilen ist streng beschr\u00e4nkt auf:<\/p>\n<p>(A)\u00a0<strong>Autorisierte Servicezentren (ASC)<\/strong>\u00a0mit einem g\u00fcltigen Servicevertrag; oder<\/p>\n<p>(B)\u00a0<strong>Hybridpartner<\/strong>\u00a0(Distributoren\/Wiederverk\u00e4ufer), die \u00fcber einen g\u00fcltigen Servicevertrag verf\u00fcgen, der sie zur Durchf\u00fchrung von Reparaturen berechtigt.<\/p>\n<p><strong>8.2. Verbotener Verkauf.<\/strong>\u00a0MEFERI lehnt Bestellungen f\u00fcr Ersatzteile von Unternehmen ab, die die Kriterien in Punkt 8.1 nicht erf\u00fcllen. Dies gew\u00e4hrleistet die Qualit\u00e4t und die Einhaltung der Sicherheitsstandards bei Reparaturen.<\/p>\n<h3><strong>9. Garantie<\/strong><\/h3>\n<p><strong>9.1. Standardgarantie.<\/strong>\u00a0MEFERI garantiert, dass die Produkte f\u00fcr den im offiziellen Vertrag festgelegten Zeitraum frei von Material- und Verarbeitungsfehlern sind.\u00a0<strong>MEFERI Garantiebedingungen<\/strong>.<\/p>\n<ul>\n<li>Der vollst\u00e4ndige Text ist verf\u00fcgbar unter:\u00a0<a href=\"https:\/\/meferi.com\/de\/us\/support-services\/warranty\/warranty-terms-and-conditions\/\">https:\/\/www.meferi.com\/en\/us\/support-services\/warranty\/warranty-terms-and-conditions<\/a><\/li>\n<\/ul>\n<p><strong>9.2. Ausnahmen.<\/strong>\u00a0Die Standardgarantie deckt keine Unfallsch\u00e4den, normale Abnutzung oder Softwareprobleme ab, es sei denn, diese sind durch eine spezifische Garantie abgedeckt.\u00a0<strong>MeCare-Servicevertrag<\/strong>\u00a0Separat erh\u00e4ltlich.<\/p>\n<h3><strong>10. Haftungsbeschr\u00e4nkung<\/strong><\/h3>\n<p><strong>10.1. Ausschluss von mittelbaren Sch\u00e4den.<\/strong>\u00a0MEFERI HAFTET IN KEINEM FALL F\u00dcR INDIREKTE, BESONDERE, ZUF\u00c4LLIGE, STRAF- ODER FOLGESCH\u00c4DEN (EINSCHLIESSLICH ENTGANGENEN GEWINN, DATENVERLUST ODER BETRIEBSUNTERBRECHUNG), UNABH\u00c4NGIG DAVON, OB DIESE AUF VERTRAG, UNERLAUBTER HANDLUNG ODER EINER ANDEREN RECHTSGRUNDLAGE BERUHEN.<\/p>\n<p><strong>10.2. Haftungsobergrenze.<\/strong>\u00a0Die gesamte Haftung von MEFERI aus oder im Zusammenhang mit einer Transaktion gem\u00e4\u00df diesen Bedingungen ist auf den Gesamtbetrag beschr\u00e4nkt, den der K\u00e4ufer tats\u00e4chlich an MEFERI f\u00fcr das jeweilige Produkt oder die jeweilige Dienstleistung gezahlt hat, die den Anspruch auf Schadensersatz begr\u00fcndet.<\/p>\n<h3><strong>11. Exportkontrolle und Compliance<\/strong><\/h3>\n<p><strong>11.1.<\/strong>\u00a0Der K\u00e4ufer nimmt zur Kenntnis, dass die von MEFERI gelieferten Produkte, Software und Technologien den Exportkontrollgesetzen und -bestimmungen Chinas, der Vereinigten Staaten, der Europ\u00e4ischen Union und anderer Rechtsordnungen unterliegen k\u00f6nnen.<\/p>\n<p><strong>11.2.<\/strong>\u00a0Der K\u00e4ufer verpflichtet sich, keine Produkte oder Software unter Versto\u00df gegen geltende Gesetze und Vorschriften zu exportieren, zu reexportieren oder zu \u00fcbertragen.<\/p>\n<h3><strong>12. Datenschutz (DSGVO\/Pers\u00f6nliche Daten)<\/strong><\/h3>\n<p><strong>12.1.<\/strong>\u00a0Soweit MEFERI personenbezogene Daten verarbeitet (z. B. zur Aktivierung von MeCare oder zur Erstellung eines Shadowalk-Kontos), handelt MEFERI in \u00dcbereinstimmung mit den geltenden Datenschutzgesetzen, einschlie\u00dflich der\u00a0<strong>Datenschutz-Grundverordnung (DSGVO)<\/strong>.<\/p>\n<p><strong>12.2.<\/strong> Der K\u00e4ufer verpflichtet sich, nur die notwendigen Daten (z. B. Kontaktdaten f\u00fcr Versand\/Aktivierung) bereitzustellen und versichert, die erforderlichen Einwilligungen der Endnutzer eingeholt zu haben. Weitere Informationen zur Datenverarbeitung finden Sie in der MEFERI-Datenverarbeitungsvereinbarung, die unter folgendem Link abrufbar ist:\u00a0<a href=\"https:\/\/meferi.com\/de\/support-services\/legal-center\/data-processing-agreement\/\">https:\/\/meferi.com\/en\/support-services\/legal-center\/data-processing-agreement\/<\/a><\/p>\n<h3><strong>13. Geltendes Recht und Streitbeilegung<\/strong><\/h3>\n<p><strong>13.1. Anwendbares Recht.<\/strong>\u00a0Diese Bedingungen unterliegen den Gesetzen von\u00a0<strong>Volksrepublik China<\/strong>.<\/p>\n<p><strong>13.2. Streitbeilegung.<\/strong><\/p>\n<ul>\n<li><strong>Verhandlung:<\/strong>\u00a0Die Parteien bem\u00fchen sich, Streitigkeiten innerhalb von drei\u00dfig (30) Tagen g\u00fctlich beizulegen.<\/li>\n<li><strong>Schiedsverfahren:<\/strong>\u00a0Falls der Streitfall nicht beigelegt werden kann, wird er endg\u00fcltig durch ein vom Schiedsgericht durchgef\u00fchrtes Schiedsverfahren entschieden.\u00a0<strong>Shenzhen Court of International Arbitration (SCIA)<\/strong>\u00a0in Shenzhen, China. Die Sprache des Schiedsverfahrens ist Englisch.<\/li>\n<li><em>Alternative:<\/em>\u00a0Nach gegenseitiger schriftlicher Vereinbarung k\u00f6nnen die Parteien die\u00a0<strong>Singapore International Arbitration Centre (SIAC)<\/strong>\u00a0oder\u00a0<strong>Internationales Schiedsgerichtszentrum Hongkong (HKIAC)<\/strong>.<\/li>\n<\/ul>\n<h3><strong>14. Verschiedenes<\/strong><\/h3>\n<p><strong>14.1. H\u00f6here Gewalt.<\/strong>\u00a0MEFERI haftet nicht f\u00fcr Verz\u00f6gerungen oder Leistungsausf\u00e4lle, die durch Ereignisse verursacht werden, die au\u00dferhalb ihrer zumutbaren Kontrolle liegen (z. B. Pandemien, Krieg, Chipmangel, Naturkatastrophen).<\/p>\n<p><strong>14.2. Salvatorische Klausel.<\/strong>\u00a0Sollte eine Bestimmung dieser Bedingungen f\u00fcr ung\u00fcltig befunden werden, bleiben die \u00fcbrigen Bestimmungen in vollem Umfang wirksam.<\/p>\n<p><strong>14.3. Vollst\u00e4ndige Vereinbarung.<\/strong>\u00a0Diese Bedingungen bilden zusammen mit der akzeptierten Rechnung\/Auftragsbest\u00e4tigung die gesamte Vereinbarung zwischen den Parteien hinsichtlich der jeweiligen Transaktion, sofern kein Rahmenvertrag besteht.<\/p>\n<p><!-- notionvc: c623e8c2-325a-4b8c-9957-af89c6e0f62d --><\/p>\n\r\n\t\t<\/div>\r\n\t<\/div>\r\n<\/div><\/div><\/div>\n<\/div>","protected":false},"excerpt":{"rendered":"MEFERI Global Terms and Conditions of Sale Effective Date: 2025.12.08 IMPORTANT NOTICE: THIS DOCUMENT CONSTITUTES A PUBLIC OFFER. BY SUBMITTING A PURCHASE ORDER, ACCEPTING A QUOTATION, OR REMITTING PAYMENT AGAINST AN INVOICE ISSUED BY MEFERI TECHNOLOGIES CO., LTD. OR ITS AFFILIATES, THE BUYER AGREES TO BE BOUND BY THESE TERMS AND CONDITIONS. 1. Applicability and [...]","protected":false},"author":20,"featured_media":0,"parent":1478,"menu_order":0,"comment_status":"closed","ping_status":"closed","template":"","meta":{"_acf_changed":false,"footnotes":""},"industry":[],"class_list":["post-14024","page","type-page","status-publish","hentry"],"acf":[],"_links":{"self":[{"href":"https:\/\/meferi.com\/de\/wp-json\/wp\/v2\/pages\/14024","targetHints":{"allow":["GET"]}}],"collection":[{"href":"https:\/\/meferi.com\/de\/wp-json\/wp\/v2\/pages"}],"about":[{"href":"https:\/\/meferi.com\/de\/wp-json\/wp\/v2\/types\/page"}],"author":[{"embeddable":true,"href":"https:\/\/meferi.com\/de\/wp-json\/wp\/v2\/users\/20"}],"replies":[{"embeddable":true,"href":"https:\/\/meferi.com\/de\/wp-json\/wp\/v2\/comments?post=14024"}],"version-history":[{"count":0,"href":"https:\/\/meferi.com\/de\/wp-json\/wp\/v2\/pages\/14024\/revisions"}],"up":[{"embeddable":true,"href":"https:\/\/meferi.com\/de\/wp-json\/wp\/v2\/pages\/1478"}],"wp:attachment":[{"href":"https:\/\/meferi.com\/de\/wp-json\/wp\/v2\/media?parent=14024"}],"wp:term":[{"taxonomy":"industry","embeddable":true,"href":"https:\/\/meferi.com\/de\/wp-json\/wp\/v2\/industry?post=14024"}],"curies":[{"name":"wp","href":"https:\/\/api.w.org\/{rel}","templated":true}]}}