{"id":1284,"date":"2025-08-08T14:56:44","date_gmt":"2025-08-08T11:56:44","guid":{"rendered":"https:\/\/meferi.pontima.ru\/?page_id=1284"},"modified":"2026-03-03T10:13:09","modified_gmt":"2026-03-03T09:13:09","slug":"promotions","status":"publish","type":"page","link":"https:\/\/meferi.com\/de\/promotions\/","title":{"rendered":"Aktionen"},"content":{"rendered":"<div class=\"wpb-content-wrapper\"><div class=\"vc_row wpb_row row top-row gradient-container-1 rounded-section vc_custom_1758230115498 vc_row-has-fill vc_row-o-content-middle vc_row-flex wpb_custom_034b39d9bc6c6b310d69e39f0ccf274f\"><div class=\"gradient-column-1 vc_column_container col-md-6\"><div class=\"wpb_wrapper vc_column-inner\"><div class=\"porto-sicon-box  vc_custom_1772528650053  wpb_custom_3b5043e10b087202dff5ca70349374db style_1 default-icon flex-wrap\"><div class=\"porto-sicon-header\"><h2 class=\"porto-sicon-title\" style=\"\">Exklusive meferi-Aktionen und -Ank\u00fcndigungen<\/h2><p>Bleiben Sie \u00fcber die neuesten Angebote, Veranstaltungen und Innovationen auf dem Laufenden<\/p><\/div> <!-- header --><div class=\"porto-sicon-description\" style=\"\">Entdecken Sie die neuesten Angebote, exklusiven Aktionen und bevorstehenden Veranstaltungen von MEFERI. Abonnieren Sie unsere Social-Media-Kan\u00e4le, um auf dem Laufenden zu bleiben und keine Chance auf Einblicke in modernste AIDC-Technologie und exklusive Angebote zu verpassen.<a class=\"porto-sicon-read xx\" href=\"https:\/\/meferi.com\/de\/contact-meferi\/\" title='kontakt-MEFERI'>Den Kontakt halten<span>&nbsp;\"<\/span><\/a><\/div> <!-- description --><\/div><!-- porto-sicon-box --><\/div><\/div><div class=\"gradient-column-2 vc_column_container col-md-6 section section-parallax vc_custom_1761571912842\"><div class=\"wpb_wrapper vc_column-inner\">\r\n\t<div class=\"wpb_single_image wpb_content_element vc_align_right wpb_content_element  vc_custom_1758230934002 wpb_custom_81a4f7ef9830bf958462581aa01150fb\"><div class=\"wpb_wrapper\">\r\n\t\t\t\r\n\t\t\t<div class=\"vc_single_image-wrapper   vc_box_border_grey\"><img loading=\"lazy\" decoding=\"async\" width=\"568\" height=\"635\" src=\"https:\/\/meferi.com\/wp-content\/uploads\/2025\/08\/listbg.c6e840b2.png\" class=\"vc_single_image-img attachment-full\" alt=\"\" title=\"listbg.c6e840b2\" srcset=\"https:\/\/meferi.com\/wp-content\/uploads\/2025\/08\/listbg.c6e840b2.png 568w, https:\/\/meferi.com\/wp-content\/uploads\/2025\/08\/listbg.c6e840b2-537x600.png 537w, https:\/\/meferi.com\/wp-content\/uploads\/2025\/08\/listbg.c6e840b2-400x447.png 400w\" sizes=\"auto, (max-width: 568px) 100vw, 568px\" \/><\/div>\r\n\t\t<\/div>\r\n\t<\/div>\r\n<\/div><\/div><\/div><div class=\"vc_row wpb_row row top-row gradient-container-2 vc_custom_1754643846513 vc_column-gap-15 vc_row-has-fill wpb_custom_034b39d9bc6c6b310d69e39f0ccf274f\"><div class=\"gradient-column-3 vc_column_container col-md-12 vc_custom_1756396412523\"><div class=\"wpb_wrapper vc_column-inner\"><h2 style=\"font-size: 42px\" class=\"vc_custom_heading vc_do_custom_heading vc_custom_1754655508794 wpb_custom_aa365bd5046e8294520b4e73732b9d15 align-left\" >Aktionsliste<\/h2><\/div><\/div><\/div><div class=\"vc_row wpb_row row top-row gradient-container-3 vc_custom_1756396377879 vc_column-gap-20 wpb_custom_034b39d9bc6c6b310d69e39f0ccf274f\"><div class=\"gradient-column-4 vc_column_container col-md-4\"><div class=\"wpb_wrapper vc_column-inner\">\r\n\t<div class=\"wpb_single_image wpb_content_element vc_align_center wpb_content_element  vc_custom_1772529161915  my-rounded-box wpb_custom_84fd0856005bc73ea41f99d9354b8ba6\"><div class=\"wpb_wrapper\">\r\n\t\t\t\r\n\t\t\t<a href=\"https:\/\/meferi.com\/de\/promotions\/me87-introduction\/\" target=\"_self\" aria-label=\"Zoomen Sie das Bild\"><div class=\"vc_single_image-wrapper vc_box_rounded  vc_box_border_grey\"><img decoding=\"async\" class=\"vc_single_image-img\" src=\"https:\/\/meferi.com\/wp-content\/uploads\/2026\/03\/me87-uhf-rfid-wifi-promo-1200x800-1-600x422.jpeg\" width=\"600\" height=\"422\" alt=\"Robuster Mobilcomputer MEFERI ME87 mit integriertem UHF-RFID, 5G und WLAN, ohne externe Antenne\" title=\"me87-uhf-rfid-wifi-promo-1200x800\" loading=\"lazy\" \/><\/div><\/a>\r\n\t\t<\/div>\r\n\t<\/div>\r\n\r\n\t<div class=\"wpb_text_column wpb_content_element vc_custom_1769261174832 promo-title wpb_custom_7c91d232724f73626cc933bd95b25ff0\" >\r\n\t\t<div class=\"wpb_wrapper\">\r\n\t\t\t<h2>Neue Energie ist da!<\/h2>\n<p><strong data-start=\"311\" data-end=\"373\">Neues Produkt: ME87. Integrierte UHF-RFID. Keine externe Antenne. <\/strong>Erhalten Sie als Erster Zugriff auf Testmuster und Marketingmaterialien oder geben Sie eine Vorbestellung auf.<\/p>\n\r\n\t\t<\/div>\r\n\t<\/div>\r\n<div class=\"vc_btn3-container vc_btn3-inline show-arrow vc_custom_1766719141118 vc_do_btn\" >\r\n\t<a class=\"vc_general vc_btn3 vc_btn3-size-lg vc_btn3-shape-round vc_btn3-style-flat wpb_custom_6687b26f39488ddbb85ddb3c1ce8e111 vc_btn3-icon-left hover-icon-zoom vc_btn3-color-black btn\" style=\"font-size:17px; font-weight:500; padding-left:22px; padding-right:22px;\" href=\"https:\/\/meferi.com\/de\/promotions\/me87-introduction\/\" title=\"MEFERI Neues Produkt ME87\"><i class=\"vc_btn3-icon fas fa-tags\"><\/i> Auf die Warteliste setzen<\/a>\t\t\t<span class=\"dir-arrow hlb\" data-appear-animation-delay=\"800\" data-appear-animation=\"rotateInUpLeft\"><\/span>\r\n\t<\/div>\r\n<\/div><\/div><div class=\"gradient-column-5 vc_column_container col-md-4\"><div class=\"wpb_wrapper vc_column-inner\">\r\n\t<div class=\"wpb_single_image wpb_content_element vc_align_center wpb_content_element  vc_custom_1759335455205  my-rounded-box wpb_custom_84fd0856005bc73ea41f99d9354b8ba6\"><div class=\"wpb_wrapper\">\r\n\t\t\t\r\n\t\t\t<a href=\"https:\/\/meferi.com\/de\/promotions\/meferi-giveaway\/\" target=\"_self\" aria-label=\"Zoomen Sie das Bild\"><div class=\"vc_single_image-wrapper vc_box_rounded  vc_box_border_grey\"><img decoding=\"async\" class=\"vc_single_image-img\" src=\"https:\/\/meferi.com\/wp-content\/uploads\/2025\/09\/2346374457-600x422.png\" width=\"600\" height=\"422\" alt=\"2346374457\" title=\"2346374457\" loading=\"lazy\" \/><\/div><\/a>\r\n\t\t<\/div>\r\n\t<\/div>\r\n\r\n\t<div class=\"wpb_text_column wpb_content_element vc_custom_1772513817871 promo-title wpb_custom_7c91d232724f73626cc933bd95b25ff0\" >\r\n\t\t<div class=\"wpb_wrapper\">\r\n\t\t\t<h2>Gewinnen Sie Premium-Preise!<\/h2>\n<p>Treten Sie der professionellen AIDC-Community von MEFERI bei.<br data-start=\"637\" data-end=\"640\">Registrieren Sie sich noch heute, folgen Sie MEFERI und nehmen Sie an exklusiven Verlosungen teil.<\/p>\n\r\n\t\t<\/div>\r\n\t<\/div>\r\n<div class=\"vc_btn3-container vc_btn3-inline show-arrow vc_custom_1766719229312 vc_do_btn\" >\r\n\t<a class=\"vc_general vc_btn3 vc_btn3-size-lg vc_btn3-shape-round vc_btn3-style-flat wpb_custom_6687b26f39488ddbb85ddb3c1ce8e111 vc_btn3-icon-left hover-icon-zoom vc_btn3-color-black btn\" style=\"font-size:17px; font-weight:500; padding-left:22px; padding-right:22px;\" href=\"https:\/\/meferi.com\/de\/promotions\/meferi-giveaway\/\" title=\"meferi-Geschenk\"><i class=\"vc_btn3-icon fas fa-tags\"><\/i> Jetzt anmelden und gewinnen!<\/a>\t\t\t<span class=\"dir-arrow hlb\" data-appear-animation-delay=\"800\" data-appear-animation=\"rotateInUpLeft\"><\/span>\r\n\t<\/div>\r\n<\/div><\/div><div class=\"gradient-column-6 vc_column_container col-md-4\"><div class=\"wpb_wrapper vc_column-inner\">\r\n\t<div class=\"wpb_single_image wpb_content_element vc_align_center wpb_content_element  vc_custom_1769261156163  my-rounded-box wpb_custom_84fd0856005bc73ea41f99d9354b8ba6\"><div class=\"wpb_wrapper\">\r\n\t\t\t\r\n\t\t\t<a href=\"https:\/\/meferi.com\/de\/promotions\/euroshop-2026-dusseldorf\/\" target=\"_self\" aria-label=\"Zoomen Sie das Bild\"><div class=\"vc_single_image-wrapper vc_box_rounded  vc_box_border_grey\"><img decoding=\"async\" class=\"vc_single_image-img\" src=\"https:\/\/meferi.com\/wp-content\/uploads\/2026\/01\/EuroShop2026-Social-Media_1200x800-600x422.webp\" width=\"600\" height=\"422\" alt=\"MEFERI auf der EuroShop 2026 \u2013 Besuchen Sie uns in Halle 6, Stand G80\" title=\"MEFERI auf der EuroShop 2026 \u2013 Besuchen Sie uns in Halle 6, Stand G80\" loading=\"lazy\" \/><\/div><\/a>\r\n\t\t<\/div>\r\n\t<\/div>\r\n\r\n\t<div class=\"wpb_text_column wpb_content_element vc_custom_1772513743571 promo-title wpb_custom_7c91d232724f73626cc933bd95b25ff0\" >\r\n\t\t<div class=\"wpb_wrapper\">\r\n\t\t\t<h2>MEFERI bei EuroShop<\/h2>\n<p>Sichern Sie sich Zugang zu unserem Stand, die Chance auf eine kostenlose Besucherkarte und eine pers\u00f6nliche Einladung zum MEFERI Aperitivo.<\/p>\n\r\n\t\t<\/div>\r\n\t<\/div>\r\n<div class=\"vc_btn3-container vc_btn3-inline vc_custom_1772513981845 vc_do_btn\" >\r\n\t<button class=\"vc_general vc_btn3 vc_btn3-size-lg vc_btn3-shape-round vc_btn3-style-flat wpb_custom_6687b26f39488ddbb85ddb3c1ce8e111 vc_btn3-color-grey btn\" style=\"font-size:17px; font-weight:500; padding-left:22px; padding-right:22px;\">Die Veranstaltung ist beendet.<\/button>\t<\/div>\r\n<\/div><\/div><\/div><div class=\"vc_row wpb_row row top-row gradient-container-4 vc_custom_1758229807006 wpb_custom_034b39d9bc6c6b310d69e39f0ccf274f\"><div class=\"gradient-column-7 vc_column_container col-md-4\"><div class=\"wpb_wrapper vc_column-inner\">\r\n\t<div class=\"wpb_single_image wpb_content_element vc_align_center wpb_content_element  vc_custom_1766458316479  my-rounded-box wpb_custom_84fd0856005bc73ea41f99d9354b8ba6\"><div class=\"wpb_wrapper\">\r\n\t\t\t\r\n\t\t\t<a href=\"https:\/\/meferi.com\/de\/promotions\/nrf-new-york-2026\/\" target=\"_self\" aria-label=\"Zoomen Sie das Bild\"><div class=\"vc_single_image-wrapper vc_box_rounded  vc_box_border_grey\"><img decoding=\"async\" class=\"vc_single_image-img\" src=\"https:\/\/meferi.com\/wp-content\/uploads\/2025\/12\/NRF-1200-800-600x422.webp\" width=\"600\" height=\"422\" alt=\"NRF 1200-800\" title=\"NRF 1200-800\" loading=\"lazy\" \/><\/div><\/a>\r\n\t\t<\/div>\r\n\t<\/div>\r\n\r\n\t<div class=\"wpb_text_column wpb_content_element vc_custom_1766718798815 promo-title wpb_custom_7c91d232724f73626cc933bd95b25ff0\" >\r\n\t\t<div class=\"wpb_wrapper\">\r\n\t\t\t<h2>MEFERI auf der NRF 2026<\/h2>\n<p>Erleben Sie die n\u00e4chste Generation von AIDC, Enterprise Mobility und Retail Automation \u2013 live in New York City.<br \/>\nBesuchen Sie uns auf Ebene 3, Stand Nr. 3965<\/p>\n\r\n\t\t<\/div>\r\n\t<\/div>\r\n<div class=\"vc_btn3-container vc_btn3-inline vc_custom_1772513981845 vc_do_btn\" >\r\n\t<button class=\"vc_general vc_btn3 vc_btn3-size-lg vc_btn3-shape-round vc_btn3-style-flat wpb_custom_6687b26f39488ddbb85ddb3c1ce8e111 vc_btn3-color-grey btn\" style=\"font-size:17px; font-weight:500; padding-left:22px; padding-right:22px;\">Die Veranstaltung ist beendet.<\/button>\t<\/div>\r\n<\/div><\/div><div class=\"gradient-column-8 vc_column_container col-md-4\"><div class=\"wpb_wrapper vc_column-inner\">\r\n\t<div class=\"wpb_single_image wpb_content_element vc_align_center wpb_content_element  vc_custom_1761585145365  my-rounded-box wpb_custom_84fd0856005bc73ea41f99d9354b8ba6\"><div class=\"wpb_wrapper\">\r\n\t\t\t\r\n\t\t\t<a href=\"https:\/\/meferi.com\/de\/promotions\/cemat-asia-2025\/\" target=\"_blank\" aria-label=\"Zoomen Sie das Bild\"><div class=\"vc_single_image-wrapper vc_box_rounded  vc_box_border_grey\"><img decoding=\"async\" class=\"vc_single_image-img\" src=\"https:\/\/meferi.com\/wp-content\/uploads\/2025\/10\/2025_CEMAT_Social_Media_1200X800-600x422.webp\" width=\"600\" height=\"422\" alt=\"MEFERI CEMAT 2025 Banner\" title=\"MEFERI CEMAT 2025 Banner\" loading=\"lazy\" \/><\/div><\/a>\r\n\t\t<\/div>\r\n\t<\/div>\r\n\r\n\t<div class=\"wpb_text_column wpb_content_element vc_custom_1772514264585 promo-title wpb_custom_7c91d232724f73626cc933bd95b25ff0\" >\r\n\t\t<div class=\"wpb_wrapper\">\r\n\t\t\t<p><strong>Besuchen Sie den Stand von MEFERI auf der CeMAT ASIA 2025 \u2013 Holen Sie sich Ihr kostenloses Ticket!<\/strong><\/p>\n<p>Und erleben Sie intelligente Logistikinnovationen mit MEFERI und bleiben Sie \u00fcber die AIDC-Branche und andere Technologien auf dem Laufenden: <strong>28.\u201331. Oktober,<\/strong> 2025 im Shanghai New International Expo Center (SNIEC).<\/p>\n\r\n\t\t<\/div>\r\n\t<\/div>\r\n<div class=\"vc_btn3-container vc_btn3-inline vc_custom_1772513981845 vc_do_btn\" >\r\n\t<button class=\"vc_general vc_btn3 vc_btn3-size-lg vc_btn3-shape-round vc_btn3-style-flat wpb_custom_6687b26f39488ddbb85ddb3c1ce8e111 vc_btn3-color-grey btn\" style=\"font-size:17px; font-weight:500; padding-left:22px; padding-right:22px;\">Die Veranstaltung ist beendet.<\/button>\t<\/div>\r\n<\/div><\/div><div class=\"gradient-column-9 vc_column_container col-md-4\"><div class=\"wpb_wrapper vc_column-inner\">\r\n\t<div class=\"wpb_single_image wpb_content_element vc_align_center wpb_content_element  vc_custom_1758229474870  my-rounded-box wpb_custom_b4d3046a798fb4b510c5420a0fc899b8\"><div class=\"wpb_wrapper\">\r\n\t\t\t\r\n\t\t\t<div class=\"vc_single_image-wrapper vc_box_rounded  vc_box_border_grey\"><img decoding=\"async\" class=\"vc_single_image-img\" src=\"https:\/\/meferi.com\/wp-content\/uploads\/2025\/09\/lpro_4.87d72069.png\" width=\"385\" height=\"293\" alt=\"NRF-2025\" title=\"NRF-2025\" loading=\"lazy\" \/><\/div>\r\n\t\t<\/div>\r\n\t<\/div>\r\n\r\n\t<div class=\"wpb_text_column wpb_content_element vc_custom_1772514243062 promo-title wpb_custom_7c91d232724f73626cc933bd95b25ff0\" >\r\n\t\t<div class=\"wpb_wrapper\">\r\n\t\t\t<p><strong>Besuchen Sie uns vom 16. bis 18. September auf der Paris Expo Porte de Versailles, Halle 6, Stand K162.<\/strong><\/p>\n<p>Erleben Sie mit MEFERI modernste Einzelhandelstechnologie auf der NRF 2025: der gr\u00f6\u00dften europ\u00e4ischen Einzelhandelsmesse! Besuchen Sie uns vom 16. bis 18. September in der Paris Expo Porte de Versailles, Halle 6, Stand K162. Begrenzte Anzahl an Tickets!<\/p>\n\r\n\t\t<\/div>\r\n\t<\/div>\r\n<div class=\"vc_btn3-container vc_btn3-inline vc_custom_1772513981845 vc_do_btn\" >\r\n\t<button class=\"vc_general vc_btn3 vc_btn3-size-lg vc_btn3-shape-round vc_btn3-style-flat wpb_custom_6687b26f39488ddbb85ddb3c1ce8e111 vc_btn3-color-grey btn\" style=\"font-size:17px; font-weight:500; padding-left:22px; padding-right:22px;\">Die Veranstaltung ist beendet.<\/button>\t<\/div>\r\n<\/div><\/div><\/div><div class=\"vc_row wpb_row row top-row gradient-container-5 vc_custom_1758229807006 wpb_custom_034b39d9bc6c6b310d69e39f0ccf274f\"><div class=\"gradient-column-10 vc_column_container col-md-4\"><div class=\"wpb_wrapper vc_column-inner\">\r\n\t<div class=\"wpb_single_image wpb_content_element vc_align_center wpb_content_element  vc_custom_1758229505129  my-rounded-box wpb_custom_b4d3046a798fb4b510c5420a0fc899b8\"><div class=\"wpb_wrapper\">\r\n\t\t\t\r\n\t\t\t<div class=\"vc_single_image-wrapper vc_box_rounded  vc_box_border_grey\"><img decoding=\"async\" class=\"vc_single_image-img\" src=\"https:\/\/meferi.com\/wp-content\/uploads\/2025\/08\/lpro_3.821c007a.png\" width=\"385\" height=\"293\" alt=\"lpro_3.821c007a\" title=\"lpro_3.821c007a\" loading=\"lazy\" \/><\/div>\r\n\t\t<\/div>\r\n\t<\/div>\r\n\r\n\t<div class=\"wpb_text_column wpb_content_element vc_custom_1766718163541 promo-title wpb_custom_7c91d232724f73626cc933bd95b25ff0\" >\r\n\t\t<div class=\"wpb_wrapper\">\r\n\t\t\t<p><strong>Exklusives LinkedIn-Geschenk: Besuchen Sie MEFERI auf der EuroCIS 2025!<\/strong><\/p>\n<p>Folgen Sie MEFERI auf LinkedIn und besuchen Sie unseren Stand (Halle 10, Stand B30), um Ihr besonderes Markengeschenk zu erhalten. Verpassen Sie nicht die Gelegenheit, innovative Einzelhandelsl\u00f6sungen zu entdecken und Ihre exklusive Pr\u00e4mie zu erhalten!<\/p>\n\r\n\t\t<\/div>\r\n\t<\/div>\r\n<div class=\"vc_btn3-container vc_btn3-inline vc_custom_1772513981845 vc_do_btn\" >\r\n\t<button class=\"vc_general vc_btn3 vc_btn3-size-lg vc_btn3-shape-round vc_btn3-style-flat wpb_custom_6687b26f39488ddbb85ddb3c1ce8e111 vc_btn3-color-grey btn\" style=\"font-size:17px; font-weight:500; padding-left:22px; padding-right:22px;\">Die Veranstaltung ist beendet.<\/button>\t<\/div>\r\n<\/div><\/div><div class=\"gradient-column-11 vc_column_container col-md-4\"><div class=\"wpb_wrapper vc_column-inner\">\r\n\t<div class=\"wpb_single_image wpb_content_element vc_align_center wpb_content_element  vc_custom_1758230513834  my-rounded-box wpb_custom_84fd0856005bc73ea41f99d9354b8ba6\"><div class=\"wpb_wrapper\">\r\n\t\t\t\r\n\t\t\t<a href=\"https:\/\/meferi.com\/de\/promotions\/gitex-global-2025\/\" target=\"_self\" aria-label=\"Zoomen Sie das Bild\"><div class=\"vc_single_image-wrapper vc_box_rounded  vc_box_border_grey\"><img decoding=\"async\" class=\"vc_single_image-img\" src=\"https:\/\/meferi.com\/wp-content\/uploads\/2025\/09\/32235245-600x422.webp\" width=\"600\" height=\"422\" alt=\"GITEX Global 2025 Halle 15 D42\" title=\"GITEX Global 2025 Halle 15 D42\" loading=\"lazy\" \/><\/div><\/a>\r\n\t\t<\/div>\r\n\t<\/div>\r\n\r\n\t<div class=\"wpb_text_column wpb_content_element vc_custom_1772514253183 promo-title wpb_custom_7c91d232724f73626cc933bd95b25ff0\" >\r\n\t\t<div class=\"wpb_wrapper\">\r\n\t\t\t<p><strong>Besuchen Sie uns im Dubai World Trade Centre vom 13. bis 17. Oktober 2025, Halle 15, Stand D42<br \/>\n<\/strong><\/p>\n<p>GITEX GLOBAL 2025 \u2013 die weltweit bekannteste und etablierteste Gro\u00dfmesse f\u00fcr Technologie bietet mehr als 40 Ausstellungshallen, in denen Technologiegiganten und Innovationen im Bereich der Einzelhandelstechnologien pr\u00e4sentiert werden.<\/p>\n\r\n\t\t<\/div>\r\n\t<\/div>\r\n<div class=\"vc_btn3-container vc_btn3-inline vc_custom_1772513981845 vc_do_btn\" >\r\n\t<button class=\"vc_general vc_btn3 vc_btn3-size-lg vc_btn3-shape-round vc_btn3-style-flat wpb_custom_6687b26f39488ddbb85ddb3c1ce8e111 vc_btn3-color-grey btn\" style=\"font-size:17px; font-weight:500; padding-left:22px; padding-right:22px;\">Die Veranstaltung ist beendet.<\/button>\t<\/div>\r\n<\/div><\/div><div class=\"gradient-column-12 vc_column_container col-md-4\"><div class=\"wpb_wrapper vc_column-inner\">\r\n\t<div class=\"wpb_single_image wpb_content_element vc_align_center wpb_content_element  vc_custom_1756396356441  my-rounded-box wpb_custom_6dfe54a20aa6ea1d6744833e4e677573\"><div class=\"wpb_wrapper\">\r\n\t\t\t\r\n\t\t\t<div class=\"vc_single_image-wrapper vc_box_rounded  vc_box_border_grey\"><img decoding=\"async\" class=\"vc_single_image-img\" src=\"https:\/\/meferi.com\/wp-content\/uploads\/2025\/08\/lpro_1.b7b681da.png\" width=\"385\" height=\"293\" alt=\"lpro_1.b7b681da\" title=\"lpro_1.b7b681da\" loading=\"lazy\" \/><\/div>\r\n\t\t<\/div>\r\n\t<\/div>\r\n\r\n\t<div class=\"wpb_text_column wpb_content_element vc_custom_1766426913597 promo-title wpb_custom_7c91d232724f73626cc933bd95b25ff0\" >\r\n\t\t<div class=\"wpb_wrapper\">\r\n\t\t\t<p><strong>MEFERIs Highlights von der Parcel+Post Expo 2023!<\/strong><\/p>\n<p>Auf der Parcel+Post Expo 2023, die am 24. Oktober beginnt, werden die fortschrittlichen Produkte von MEFERI pr\u00e4sentiert und die neue Vision des Unternehmens f\u00fcr die vernetzte und effiziente Zukunft der Postlogistik vorgestellt.<\/p>\n\r\n\t\t<\/div>\r\n\t<\/div>\r\n<div class=\"vc_btn3-container vc_btn3-inline vc_custom_1772513981845 vc_do_btn\" >\r\n\t<button class=\"vc_general vc_btn3 vc_btn3-size-lg vc_btn3-shape-round vc_btn3-style-flat wpb_custom_6687b26f39488ddbb85ddb3c1ce8e111 vc_btn3-color-grey btn\" style=\"font-size:17px; font-weight:500; padding-left:22px; padding-right:22px;\">Die Veranstaltung ist beendet.<\/button>\t<\/div>\r\n<\/div><\/div><\/div>\n<\/div>","protected":false},"excerpt":{"rendered":"Exclusive MEFERI Promotions & AnnouncementsStay updated on the latest offers, events, and innovations Discover MEFERI\u2019s latest offers, exclusive promotions, and upcoming events. Subscribe to our social channels to stay informed and never miss a chance to gain insights into cutting-edge AIDC technology and exclusive deals.Keep in touch&nbsp;&raquo; Promotions List New Power Arrives! New Product: ME87. [...]","protected":false},"author":2,"featured_media":8456,"parent":0,"menu_order":0,"comment_status":"closed","ping_status":"closed","template":"","meta":{"_acf_changed":false,"footnotes":""},"industry":[],"class_list":["post-1284","page","type-page","status-publish","has-post-thumbnail","hentry"],"acf":[],"_links":{"self":[{"href":"https:\/\/meferi.com\/de\/wp-json\/wp\/v2\/pages\/1284","targetHints":{"allow":["GET"]}}],"collection":[{"href":"https:\/\/meferi.com\/de\/wp-json\/wp\/v2\/pages"}],"about":[{"href":"https:\/\/meferi.com\/de\/wp-json\/wp\/v2\/types\/page"}],"author":[{"embeddable":true,"href":"https:\/\/meferi.com\/de\/wp-json\/wp\/v2\/users\/2"}],"replies":[{"embeddable":true,"href":"https:\/\/meferi.com\/de\/wp-json\/wp\/v2\/comments?post=1284"}],"version-history":[{"count":0,"href":"https:\/\/meferi.com\/de\/wp-json\/wp\/v2\/pages\/1284\/revisions"}],"wp:featuredmedia":[{"embeddable":true,"href":"https:\/\/meferi.com\/de\/wp-json\/wp\/v2\/media\/8456"}],"wp:attachment":[{"href":"https:\/\/meferi.com\/de\/wp-json\/wp\/v2\/media?parent=1284"}],"wp:term":[{"taxonomy":"industry","embeddable":true,"href":"https:\/\/meferi.com\/de\/wp-json\/wp\/v2\/industry?post=1284"}],"curies":[{"name":"wp","href":"https:\/\/api.w.org\/{rel}","templated":true}]}}