{"id":12400,"date":"2025-10-15T10:28:52","date_gmt":"2025-10-15T08:28:52","guid":{"rendered":"https:\/\/meferi.com\/?page_id=12400"},"modified":"2025-12-12T07:27:59","modified_gmt":"2025-12-12T06:27:59","slug":"end-of-life-eol-notification-spare-parts-availability-and-security-support-statement","status":"publish","type":"page","link":"https:\/\/meferi.com\/de\/support-services\/legal-center\/end-of-life-eol-notification-spare-parts-availability-and-security-support-statement\/","title":{"rendered":"End-of-Life-Benachrichtigung (EOL), Ersatzteilverf\u00fcgbarkeit und Erkl\u00e4rung zum Sicherheitssupport"},"content":{"rendered":"<div class=\"wpb-content-wrapper\"><div class=\"vc_row wpb_row row top-row gradient-container-1 wpb_custom_034b39d9bc6c6b310d69e39f0ccf274f\"><div class=\"gradient-column-1 vc_column_container col-md-12\"><div class=\"wpb_wrapper vc_column-inner\">\r\n\t<div class=\"wpb_text_column wpb_content_element vc_custom_1765519682332 wpb_custom_7c91d232724f73626cc933bd95b25ff0\" >\r\n\t\t<div class=\"wpb_wrapper\">\r\n\t\t\t<h1>End-of-Life-Benachrichtigung (EOL), Ersatzteilverf\u00fcgbarkeit und Erkl\u00e4rung zum Sicherheitssupport<\/h1>\n<hr \/>\n<p><strong>Version: 2025.08.07<\/strong><\/p>\n<p>MEFERI Technologies Co., Ltd.<\/p>\n<hr \/>\n<h2>Inhaltsverzeichnis<\/h2>\n<ol>\n<li>Einf\u00fchrung<\/li>\n<li>End-of-Life-Richtlinien (EOL) und Informationen zu Ersatzteilen<\/li>\n<li>Roadmap f\u00fcr die Produkt-Betriebssystemunterst\u00fctzung<\/li>\n<li>Roadmap f\u00fcr Produkt-Betriebssystemsicherheitssupport<\/li>\n<li>Rechtliche Hinweise und Einhaltung internationaler Standards<\/li>\n<li>Kontaktinformationen<\/li>\n<\/ol>\n<hr \/>\n<h2>1. Einleitung<\/h2>\n<p>MEFERI Technologies Co., Ltd. informiert Sie hiermit \u00fcber das End-of-Life (EOL) bestimmter Modelle, deren Ersatzteilverf\u00fcgbarkeit und Support f\u00fcr Betriebssystem-Upgrades. Wir bei MEFERI setzen uns daf\u00fcr ein, die Langlebigkeit, Zuverl\u00e4ssigkeit und kontinuierliche Unterst\u00fctzung unserer Produkte durch effektives Lebenszyklusmanagement sicherzustellen. Dazu geh\u00f6ren klare Zeitpl\u00e4ne f\u00fcr EOL, Ersatzteilverf\u00fcgbarkeit und Betriebssystem-Updates, damit Partner und Kunden Umstellungen planen, St\u00f6rungen minimieren und optimale Leistung aufrechterhalten k\u00f6nnen. Dieses Dokument beschreibt wichtige Meilensteine im Produktlebenszyklus, darunter Garantiezeitr\u00e4ume, Produktionsstatus, EOL-Daten, Ersatzteilverf\u00fcgbarkeit, Details zum Betriebssystem-Support und Zeitpl\u00e4ne f\u00fcr Sicherheitspatches. Diese Elemente sind unerl\u00e4sslich f\u00fcr die Aufrechterhaltung der Effizienz und Langlebigkeit Ihrer meferi-Ger\u00e4te.<\/p>\n<hr \/>\n<h2>2. End-of-Life (EOL)-Richtlinie und Ersatzteilinformationen<\/h2>\n<p>Detaillierte Informationen zum Lebenszyklus und zur Ersatzteilverf\u00fcgbarkeit f\u00fcr Produkte, die das Ende ihrer Lebensdauer erreichen:<\/p>\n<div class=\"table-container\">\n<table border=\"1\">\n<thead>\n<tr>\n<th style=\"text-align: left;\"><strong>Produkt<br \/>\nModellname<\/strong><\/th>\n<th style=\"text-align: left;\"><strong>OS<br \/>\nVersion<\/strong><\/th>\n<th style=\"text-align: left;\"><strong>Garantie<br \/>\nZeitraum<\/strong><\/th>\n<th style=\"text-align: left;\"><strong>Produkt<br \/>\nStatus<\/strong><\/th>\n<th style=\"text-align: left;\"><strong>N\u00fctzlich<br \/>\nLeben danach<br \/>\nProduktion<\/strong><\/th>\n<th style=\"text-align: left;\"><strong>EOL\/Ende der<br \/>\nVerkaufsdatum<\/strong><\/th>\n<th style=\"text-align: left;\"><strong>Ersatzteile<br \/>\nEnddatum<\/strong><\/th>\n<th style=\"text-align: left;\"><strong>Ende des Supports<br \/>\nDatum<\/strong><\/th>\n<\/tr>\n<\/thead>\n<tbody>\n<tr>\n<td>ME40K<\/td>\n<td>Android 12<\/td>\n<td>12 Monate<\/td>\n<td>Aktiv<\/td>\n<td>8 Jahre<\/td>\n<td>2030-12-31<\/td>\n<td>2033-12-31<\/td>\n<td>2035-12-31<\/td>\n<\/tr>\n<tr>\n<td>ME10<\/td>\n<td>Android 13<\/td>\n<td>12 Monate<\/td>\n<td>Aktiv<\/td>\n<td>8 Jahre<\/td>\n<td>2032-12-31<\/td>\n<td>2035-12-31<\/td>\n<td>2037-12-31<\/td>\n<\/tr>\n<tr>\n<td>MS300R<\/td>\n<td>Linux<\/td>\n<td>12 Monate<\/td>\n<td>Aktiv<\/td>\n<td>8 Jahre<\/td>\n<td>2030-12-31<\/td>\n<td>2033-12-31<\/td>\n<td>2035-12-31<\/td>\n<\/tr>\n<tr>\n<td>MP4000D<\/td>\n<td>N \/ A<\/td>\n<td>12 Monate<\/td>\n<td>Aktiv<\/td>\n<td>8 Jahre<\/td>\n<td>2030-12-31<\/td>\n<td>2033-12-31<\/td>\n<td>2035-12-31<\/td>\n<\/tr>\n<tr>\n<td>ME61<\/td>\n<td>Android 13<\/td>\n<td>12 Monate<\/td>\n<td>Aktiv<\/td>\n<td>8 Jahre<\/td>\n<td>2030-12-31<\/td>\n<td>2033-12-31<\/td>\n<td>2035-12-31<\/td>\n<\/tr>\n<tr>\n<td>ME63<\/td>\n<td>Android 15<\/td>\n<td>12 Monate<\/td>\n<td>Aktiv<\/td>\n<td>8 Jahre<\/td>\n<td>2032-12-31<\/td>\n<td>2035-12-31<\/td>\n<td>2037-12-31<\/td>\n<\/tr>\n<tr>\n<td>ME65<\/td>\n<td>Android 13<\/td>\n<td>12 Monate<\/td>\n<td>Aktiv<\/td>\n<td>8 Jahre<\/td>\n<td>2032-12-31<\/td>\n<td>2035-12-31<\/td>\n<td>2037-12-31<\/td>\n<\/tr>\n<tr>\n<td>ME74<\/td>\n<td>Android 13<\/td>\n<td>12 Monate<\/td>\n<td>Aktiv<\/td>\n<td>8 Jahre<\/td>\n<td>2032-12-31<\/td>\n<td>2035-12-31<\/td>\n<td>2037-12-31<\/td>\n<\/tr>\n<tr>\n<td>CIAO<\/td>\n<td>Android 13<\/td>\n<td>12 Monate<\/td>\n<td>Aktiv<\/td>\n<td>8 Jahre<\/td>\n<td>2032-12-31<\/td>\n<td>2035-12-31<\/td>\n<td>2037-12-31<\/td>\n<\/tr>\n<tr>\n<td>MC45<\/td>\n<td>Android 14<\/td>\n<td>12 Monate<\/td>\n<td>Aktiv<\/td>\n<td>8 Jahre<\/td>\n<td>2032-12-31<\/td>\n<td>2035-12-31<\/td>\n<td>2037-12-31<\/td>\n<\/tr>\n<\/tbody>\n<\/table>\n<\/div>\n<h3><\/h3>\n<h3>2.1. Produktlebenszyklus-Definitionen<\/h3>\n<p>MEFERI Technologies Co., Ltd. best\u00e4tigt die folgenden Lebenszyklusinformationen zu den oben aufgef\u00fchrten Modellen.<\/p>\n<ul>\n<li><strong>Produktmodellname<\/strong>: Der Name des von MEFERI hergestellten Ger\u00e4temodells, f\u00fcr das die Bedingungen f\u00fcr Lebenszyklus und Ersatzteilverf\u00fcgbarkeit angegeben sind.<\/li>\n<li><strong>Betriebssystemversion<\/strong>: Die Betriebssystemversion, mit der das Ger\u00e4t l\u00e4uft. Dies kann Android, Linux oder ein anderes kompatibles Betriebssystem f\u00fcr das jeweilige Modell sein.<\/li>\n<li><strong>Garantiezeitraum<\/strong>: Die Dauer, w\u00e4hrend der MEFERI die Reparatur oder den Ersatz defekter Produkte garantiert, vorbehaltlich <strong>Garantiebedingungen<\/strong>.<\/li>\n<li><strong>Produktionsstatus<\/strong>: Gibt an, ob ein Produkt noch in Produktion ist, das Verkaufsende erreicht hat oder nicht mehr unterst\u00fctzt wird.<\/li>\n<li><strong>Nutzungsdauer nach der Produktion<\/strong>: Bezieht sich auf den 8-Jahres-Zeitraum ab dem Datum der Serienproduktion des Modells (nicht ab dem Datum der letzten Lieferung an den Kunden). W\u00e4hrend dieser Zeit wird erwartet, dass das Produkt unter normalen Betriebsbedingungen normal funktioniert. Das Ende dieser Nutzungsdauer wird durch die <strong>End-of-Life-Datum (EOL)<\/strong>, was die Beendigung der Produktion, des Supports und des Lebenszyklus von MEFERI f\u00fcr dieses Modell signalisiert.<\/li>\n<li><strong>EOL\/Verkaufsende (Ende der Lebensdauer\/Produktionsdatum\/Verkaufsende)<\/strong>: Das Datum, nach dem das Modell nicht mehr produziert wird und keine neuen Einheiten dieses Modells mehr zum Verkauf oder Vertrieb verf\u00fcgbar sind.<\/li>\n<li><strong>Ersatzteillieferzeitraum<\/strong>: Der 1-Jahres-Zeitraum nach dem EOL-Datum, in dem Ersatzteile weiterhin f\u00fcr Bestellungen und Produktreparaturen verf\u00fcgbar sind.<\/li>\n<li><strong>Ende des Supports<\/strong>Der letzte Tag, an dem MEFERI offiziellen technischen Support f\u00fcr das Produkt anbietet.<\/li>\n<\/ul>\n<h3>2.2. Definitionen des Produktionsstatus<\/h3>\n<ul>\n<li><strong>Aktiv<\/strong>: Das Produkt wird noch produziert und ist zum Verkauf verf\u00fcgbar.<\/li>\n<li><strong>Verkaufsende<\/strong>: Das Produkt wird nicht mehr verkauft, wird aber weiterhin mit Garantien und Ersatzteilen unterst\u00fctzt.<\/li>\n<li><strong>Ende der Lebensdauer (EOL)<\/strong>: Das Produkt wird nicht mehr hergestellt und es wird auch keine Neuproduktion mehr unterst\u00fctzt, Ersatzteile sind jedoch noch verf\u00fcgbar.<\/li>\n<li><strong>Nur Ersatzteile<\/strong>: Es sind nur noch Ersatzteile verf\u00fcgbar und das Produkt wird nicht mehr verkauft oder vollst\u00e4ndig unterst\u00fctzt.<\/li>\n<li><strong>Ende des Dienstes<\/strong>: Der gesamte Produktsupport, einschlie\u00dflich der Verf\u00fcgbarkeit von Ersatzteilen, wurde beendet.<\/li>\n<\/ul>\n<hr \/>\n<h2>3. Roadmap f\u00fcr die Produkt-Betriebssystemunterst\u00fctzung<\/h2>\n<p>Dieser Abschnitt bietet einen detaillierten \u00dcberblick \u00fcber den Software-Support-Lebenszyklus f\u00fcr die Produktpalette von MEFERI, einschlie\u00dflich aktueller Betriebssystemversionen, verf\u00fcgbarer Upgrades sowie Enddaten f\u00fcr Betriebssystem-Upgrades und erweiterten Firmware-Support. Er sorgt f\u00fcr Transparenz bei der Verwaltung der Betriebssystementwicklung durch MEFERI und erm\u00f6glicht Kunden die Planung von Funktionserweiterungen und Kompatibilit\u00e4t.<\/p>\n<div class=\"table-container\">\n<table border=\"1\">\n<thead>\n<tr>\n<th><strong>Produkt<br \/>\nModell\u00a0<\/strong><\/th>\n<th><strong>Aktuell<br \/>\nBetriebssystemversion<\/strong><\/th>\n<th><strong>Erweiterbar auf<br \/>\n(Offizielles Betriebssystem)<\/strong><\/th>\n<th style=\"text-align: left;\"><strong>Erweitertes Betriebssystem<br \/>\nFirmware-Unterst\u00fctzung<br \/>\nEnddatum (+2 Jahre)*<\/strong><\/th>\n<\/tr>\n<\/thead>\n<tbody>\n<tr>\n<td>ME40K<\/td>\n<td>Android 12<\/td>\n<td>Android 13<\/td>\n<td>Mai 2027<\/td>\n<\/tr>\n<tr>\n<td>ME10<\/td>\n<td>Android 13<\/td>\n<td>Android 18<\/td>\n<td>Januar 2028<\/td>\n<\/tr>\n<tr>\n<td>MS300R<\/td>\n<td>Linux<\/td>\n<td>N \/ A<\/td>\n<td>N \/ A<\/td>\n<\/tr>\n<tr>\n<td>MP4000D<\/td>\n<td>N \/ A<\/td>\n<td>N \/ A<\/td>\n<td>N \/ A<\/td>\n<\/tr>\n<tr>\n<td>ME61<\/td>\n<td>Android 13<\/td>\n<td>Android 16<\/td>\n<td>Januar 2028<\/td>\n<\/tr>\n<tr>\n<td>ME63<\/td>\n<td>Android 15<\/td>\n<td>Android 18<\/td>\n<td>Februar 2030<\/td>\n<\/tr>\n<tr>\n<td>ME65<\/td>\n<td>Android 13<\/td>\n<td>Android 16<\/td>\n<td>Januar 2028<\/td>\n<\/tr>\n<tr>\n<td>ME74<\/td>\n<td>Android 13<\/td>\n<td>Android 18<\/td>\n<td>Januar 2028<\/td>\n<\/tr>\n<tr>\n<td>CIAO<\/td>\n<td>Android 13<\/td>\n<td>Android 18<\/td>\n<td>Januar 2028<\/td>\n<\/tr>\n<tr>\n<td>MC45<\/td>\n<td>Android 14<\/td>\n<td>Android 18<\/td>\n<td>M\u00e4rz 2029<\/td>\n<\/tr>\n<\/tbody>\n<\/table>\n<\/div>\n<p>&nbsp;<\/p>\n<ul>\n<li>MEFERI Erweiterte Betriebssystem-Firmware-Unterst\u00fctzung: <strong>*<\/strong> Dieser zus\u00e4tzliche Zeitraum von zwei Jahren kann die R\u00fcckportierung von Fehlerbehebungen, Stabilit\u00e4tsverbesserungen und Kompatibilit\u00e4tserweiterungen f\u00fcr AIDC-Ger\u00e4te umfassen, vorbehaltlich der technischen Machbarkeit und in \u00dcbereinstimmung mit den Google-Richtlinien, um die Ger\u00e4tezuverl\u00e4ssigkeit in Unternehmensumgebungen zu unterst\u00fctzen.<\/li>\n<li>Einzelheiten zu zertifizierten meferi-Ger\u00e4ten im Rahmen des Android Enterprise Recommended-Programms finden Sie unter: <a href=\"https:\/\/androidenterprisepartners.withgoogle.com\/devices\/#!?search=MEFERI\">https:\/\/androidenterprisepartners.withgoogle.com\/devices\/#!?search=MEFERI<\/a>.<\/li>\n<\/ul>\n<hr \/>\n<h2>4. Roadmap f\u00fcr den Produkt-Betriebssystem-Sicherheitssupport<\/h2>\n<p>Dieser Abschnitt beschreibt den Lebenszyklus des Sicherheitssupports f\u00fcr die Betriebssysteme von MEFERI, einschlie\u00dflich der offiziellen Patch-Enddaten von Google, der Update-H\u00e4ufigkeit und der erweiterten Support-Verpflichtungen von MEFERI. Er unterstreicht unser Engagement, die Ger\u00e4tesicherheit \u00fcber die standardm\u00e4\u00dfigen Google-Zeitpl\u00e4ne hinaus durch regelm\u00e4\u00dfige Patches und kritische Updates aufrechtzuerhalten, die den branchenweit bew\u00e4hrten Methoden f\u00fcr AIDC-Ger\u00e4te entsprechen.<\/p>\n<div class=\"table-container\">\n<table border=\"1\">\n<thead>\n<tr>\n<th style=\"text-align: left;\"><strong>OS<br \/>\nVersion<\/strong><\/th>\n<th style=\"text-align: left;\"><strong>Google-Sicherheit<br \/>\nPatch-Unterst\u00fctzung<br \/>\nEnddatum<\/strong><\/th>\n<th style=\"text-align: left;\"><strong>H\u00e4ufigkeit von<br \/>\nSicherheitsupdate<\/strong><\/th>\n<th style=\"text-align: left;\"><strong>Letztes Android<br \/>\nSicherheitsbulletin<\/strong><\/th>\n<th style=\"text-align: left;\"><strong>Sicherheit<br \/>\nPatch-Ebene<\/strong><\/th>\n<th style=\"text-align: left;\"><strong>Erweitertes Betriebssystem<br \/>\nSicherheitsunterst\u00fctzung<br \/>\nEnddatum (+2 Jahre)<\/strong>*<\/th>\n<\/tr>\n<\/thead>\n<tbody>\n<tr>\n<td>Android 12<\/td>\n<td>M\u00e4rz 2025<\/td>\n<td>Alle 90 Tage<\/td>\n<td>M\u00e4rz 2025<\/td>\n<td>2025-03-20<\/td>\n<td>Mai 2027<\/td>\n<\/tr>\n<tr>\n<td>Android 13<\/td>\n<td>Januar 2026<\/td>\n<td>Alle 90 Tage<\/td>\n<td>Dezember 2025<\/td>\n<td>2025-12-01<\/td>\n<td>Januar 2028<\/td>\n<\/tr>\n<tr>\n<td>Android 14<\/td>\n<td>M\u00e4rz 2027<\/td>\n<td>Alle 90 Tage<\/td>\n<td>Dezember 2025<\/td>\n<td>2025-12-01<\/td>\n<td>M\u00e4rz 2029<\/td>\n<\/tr>\n<tr>\n<td>Android 15<\/td>\n<td>Februar 2028<\/td>\n<td>Alle 90 Tage<\/td>\n<td>Dezember 2025<\/td>\n<td>2025-12-01<\/td>\n<td>Februar 2030<\/td>\n<\/tr>\n<tr>\n<td>Android 16<\/td>\n<td>Oktober 2029<\/td>\n<td>Alle 90 Tage<\/td>\n<td>Dezember 2025<\/td>\n<td>2025-12-01<\/td>\n<td>Januar 2031<\/td>\n<\/tr>\n<tr>\n<td>Android 17<\/td>\n<td>Oktober 2030<\/td>\n<td>Alle 90 Tage<\/td>\n<td>N \/ A<\/td>\n<td>N \/ A<\/td>\n<td>Januar 2032<\/td>\n<\/tr>\n<tr>\n<td>Android 18<\/td>\n<td>Oktober 2031<\/td>\n<td>Alle 90 Tage<\/td>\n<td>N \/ A<\/td>\n<td>N \/ A<\/td>\n<td>Januar 2033<\/td>\n<\/tr>\n<\/tbody>\n<\/table>\n<\/div>\n<p>&nbsp;<\/p>\n<ul>\n<li>MEFERI Erweiterter OS-Sicherheitssupport: * Dieser zus\u00e4tzliche Zeitraum von 2 Jahren kann die R\u00fcckportierung kritischer Sicherheitsfixes basierend auf AOSP umfassen, vorbehaltlich der technischen Machbarkeit und in \u00dcbereinstimmung mit den Google-Richtlinien, um wichtige Sicherheitsl\u00fccken \u00fcber den Standard-Supportzeitraum von Google hinaus zu beheben.<\/li>\n<li>F\u00fcr Android-Versionen mit unver\u00f6ffentlichten Support-Zeitpl\u00e4nen sch\u00e4tzt MEFERI die Dauer auf Grundlage der bisherigen Vorgehensweise von Google. Die endg\u00fcltigen Daten k\u00f6nnen sich nach offizieller Best\u00e4tigung durch Google \u00e4ndern. Diese Sch\u00e4tzungen dienen ausschlie\u00dflich zu Informationszwecken.<\/li>\n<li>Ausf\u00fchrliche Informationen zu Android-Sicherheitsupdates, Patch-Levels, Bulletins und wie OEMs wie MEFERI den Support erweitern, finden Sie unter: <a href=\"https:\/\/source.android.com\/docs\/security\/overview\/updates-resources\">https:\/\/source.android.com\/docs\/security\/overview\/updates-resources<\/a>.<\/li>\n<\/ul>\n<hr \/>\n<h2>5. Rechtliche Hinweise und Einhaltung internationaler Standards<\/h2>\n<p>Die End-of-Life (EOL)- und Ersatzteilrichtlinien von MEFERI sind abgestimmt auf <strong>internationale Standards<\/strong> f\u00fcr AIDC-Produkte. Dazu geh\u00f6ren unter anderem:<\/p>\n<ol>\n<li><strong>RoHS-Konformit\u00e4t (Richtlinie 2011\/65\/EU)<\/strong>: Alle meferi-Produkte entsprechen der Richtlinie zur Beschr\u00e4nkung der Verwendung gef\u00e4hrlicher Stoffe. Dadurch wird sichergestellt, dass Produkte, die das Ende ihrer Lebensdauer erreichen, umweltgerecht entsorgt werden und die verwendeten Ersatzteile ebenfalls dieser Richtlinie entsprechen.<\/li>\n<li><strong>ISO 9001:2015<\/strong>: Die Produktions- und Garantieprozesse von MEFERI entsprechen den ISO 9001-Standards f\u00fcr Qualit\u00e4tsmanagementsysteme und gew\u00e4hrleisten eine gleichbleibende Produktqualit\u00e4t von der Herstellungsphase \u00fcber die Garantiezeit bis hin zur Verf\u00fcgbarkeit von Ersatzteilen.<\/li>\n<\/ol>\n<p>Nach Ablauf des in diesen Standards festgelegten End-of-Life-Zeitraums (EOL) und der Ersatzteilverf\u00fcgbarkeit stellt MEFERI f\u00fcr die aufgef\u00fchrten Produkte keine Garantieleistungen oder Ersatzteile mehr bereit. Diese Richtlinie entspricht den international anerkannten Branchenpraktiken von AIDC, die in der Regel 5\u20137 Jahre Support f\u00fcr Produkte nach der Produktion bieten. Dies gew\u00e4hrleistet ausreichend Zeit f\u00fcr Wartung, Reparaturen und \u00dcberg\u00e4nge und gew\u00e4hrleistet gleichzeitig die \u00f6kologische und betriebliche Nachhaltigkeit.<\/p>\n<hr \/>\n<h2>6. Kontaktinformationen<\/h2>\n<p>F\u00fcr weitere Informationen oder Fragen wenden Sie sich bitte an:<\/p>\n<ul>\n<li><strong>Telefon<\/strong>: +86 400-1818-815<\/li>\n<li><strong>E-Mail<\/strong>: <a href=\"mailto:support@meferi.com\">support@meferi.com<\/a><\/li>\n<li><strong>Webseite<\/strong>: <a href=\"https:\/\/meferi.com\/de\/\">www.meferi.com<\/a><\/li>\n<\/ul>\n<hr \/>\n<p><strong>Hersteller<\/strong>: MEFERI Technologies Co., Ltd.<\/p>\n<p><strong>Aktuelle Fassung der Nutzungsbedingungen vom 12. Dezember 2025. <\/strong><\/p>\n\r\n\t\t<\/div>\r\n\t<\/div>\r\n<\/div><\/div><\/div>\n<\/div>","protected":false},"excerpt":{"rendered":"End-of-Life (EOL) Notification, Spare Parts Availability, and Security Support Statement Version: 2025.08.07 MEFERI Technologies Co., Ltd. Table of Contents Introduction End-of-Life (EOL) Policy and Spare Parts Information Product OS Support Road Map Product OS Security Support Road Map Legal Notes and Compliance with International Standards Contact Information 1. Introduction MEFERI Technologies Co., Ltd. hereby provides [...]","protected":false},"author":5,"featured_media":12415,"parent":1478,"menu_order":0,"comment_status":"closed","ping_status":"closed","template":"","meta":{"_acf_changed":false,"footnotes":""},"industry":[],"class_list":["post-12400","page","type-page","status-publish","has-post-thumbnail","hentry"],"acf":[],"_links":{"self":[{"href":"https:\/\/meferi.com\/de\/wp-json\/wp\/v2\/pages\/12400","targetHints":{"allow":["GET"]}}],"collection":[{"href":"https:\/\/meferi.com\/de\/wp-json\/wp\/v2\/pages"}],"about":[{"href":"https:\/\/meferi.com\/de\/wp-json\/wp\/v2\/types\/page"}],"author":[{"embeddable":true,"href":"https:\/\/meferi.com\/de\/wp-json\/wp\/v2\/users\/5"}],"replies":[{"embeddable":true,"href":"https:\/\/meferi.com\/de\/wp-json\/wp\/v2\/comments?post=12400"}],"version-history":[{"count":0,"href":"https:\/\/meferi.com\/de\/wp-json\/wp\/v2\/pages\/12400\/revisions"}],"up":[{"embeddable":true,"href":"https:\/\/meferi.com\/de\/wp-json\/wp\/v2\/pages\/1478"}],"wp:featuredmedia":[{"embeddable":true,"href":"https:\/\/meferi.com\/de\/wp-json\/wp\/v2\/media\/12415"}],"wp:attachment":[{"href":"https:\/\/meferi.com\/de\/wp-json\/wp\/v2\/media?parent=12400"}],"wp:term":[{"taxonomy":"industry","embeddable":true,"href":"https:\/\/meferi.com\/de\/wp-json\/wp\/v2\/industry?post=12400"}],"curies":[{"name":"wp","href":"https:\/\/api.w.org\/{rel}","templated":true}]}}