{"id":1000,"date":"2025-08-07T21:03:47","date_gmt":"2025-08-07T18:03:47","guid":{"rendered":"https:\/\/meferi.pontima.ru\/?page_id=1000"},"modified":"2026-02-04T09:48:24","modified_gmt":"2026-02-04T08:48:24","slug":"support-services","status":"publish","type":"page","link":"https:\/\/meferi.com\/de\/support-services\/","title":{"rendered":"Support und Services"},"content":{"rendered":"<div class=\"wpb-content-wrapper\"><div class=\"vc_row wpb_row row top-row gradient-container-1 rounded-section vc_custom_1756144690078 text-left vc_row-has-fill vc_row-o-content-top vc_row-flex wpb_custom_034b39d9bc6c6b310d69e39f0ccf274f\"><div class=\"gradient-column-1 vc_column_container col-md-6 text-left\"><div class=\"wpb_wrapper vc_column-inner\"><div class=\"porto-sicon-box  vc_custom_1756578134548  wpb_custom_8629e1533f7a876ccf992ee07d9ae48e style_1 top-icon\"><div class=\"porto-sicon-header\"><h2 class=\"porto-sicon-title\" style=\"\">meferi-Unterst\u00fctzung<br \/>\n&amp; Dienstleistungen<\/h2><\/div> <!-- header --><div class=\"porto-sicon-description\" style=\"\">Finden Sie schnell wichtige Informationen zu Produktgarantien, Reparaturen<br \/>\nAnfragen, Servicepl\u00e4ne und Partnerressourcen \u2013 alles an einem Ort.<\/div> <!-- description --><\/div><!-- porto-sicon-box --><\/div><\/div><div class=\"gradient-column-2 vc_column_container col-md-1\"><div class=\"wpb_wrapper vc_column-inner\"><\/div><\/div><\/div><div class=\"vc_row wpb_row row top-row gradient-container-2 vc_custom_1756144703398 vc_column-gap-15 vc_row-has-fill wpb_custom_034b39d9bc6c6b310d69e39f0ccf274f\"><div class=\"gradient-column-3 vc_column_container col-md-12 vc_custom_1754469150485\"><div class=\"wpb_wrapper vc_column-inner\"><h2 style=\"color: var(--porto-dark-color)\" class=\"vc_custom_heading vc_do_custom_heading vc_custom_1754590813940 wpb_custom_aa365bd5046e8294520b4e73732b9d15 align-left\" >Entdecken Sie unseren Support und unsere Services<\/h2><\/div><\/div><\/div><div class=\"vc_row wpb_row row top-row gradient-container-4 vc_custom_1754939217478 vc_column-gap-15 vc_row-has-fill vc_row-o-equal-height vc_row-flex wpb_custom_034b39d9bc6c6b310d69e39f0ccf274f\"><div class=\"gradient-column-4 vc_column_container col-md-4 vc_custom_1754469150485\"><div class=\"wpb_wrapper vc_column-inner\"><div class=\"porto-ultimate-content-box-container my-rounded-box\"><style>.porto_ucb_8ba3bb8197aace42da06f0fe0083a0e1:hover{box-shadow:none}<\/style><div class=\"porto-ultimate-content-box vc_custom_1756661776254 has-content-pos justify-content-center porto_ucb_8ba3bb8197aace42da06f0fe0083a0e1\" style=\"background-color:#eef4fc;border:1px solid var(--porto-light-color);min-height:500px;\" data-bg=\"#eef4fc\"><div class=\"porto-sicon-box  vc_custom_1754593087778  wpb_custom_2d9c2a682b5f8cf750d5d39077e790d9 style_2 top-icon\"><div class=\"porto-sicon-top\"><div class=\"porto-just-icon-wrapper porto-sicon-img  porto-icon-9f5d1cfb45d27d96b50bf473aebba227\" style=\"font-size: 50px;\"><img loading=\"lazy\" decoding=\"async\" class=\"img-icon\" alt=\"\" src=\"https:\/\/meferi.com\/wp-content\/uploads\/2025\/08\/\u0411\u0435\u0437-\u043d\u0430\u0437\u0432\u0430\u043d\u0438\u044f-7.png\" width=\"100\" height=\"100\" \/><\/div><\/div><div class=\"porto-sicon-header\"><h2 class=\"porto-sicon-title\" style=\"\">Partnerportal<\/h2><p>Exklusiver Zugang f\u00fcr meferi-Partner<\/p><\/div> <!-- header --><div class=\"porto-sicon-description\" style=\"\">Erhalten Sie Zugriff auf exklusive Partnervorteile, darunter sofortige Downloads, Produkterkundung, Sendungsverfolgung und m\u00fchelose Bestellung mit Lagerbestand und Preisen in Echtzeit.<a class=\"porto-sicon-read xx\" href=\"https:\/\/portal.meferi.com\/\" target='_blank'>Mehr erfahren<span>&nbsp;\"<\/span><\/a><\/div> <!-- description --><\/div><!-- porto-sicon-box --><\/div><\/div><\/div><\/div><div class=\"gradient-column-5 vc_column_container col-md-4\"><div class=\"wpb_wrapper vc_column-inner\"><div class=\"porto-ultimate-content-box-container my-rounded-box\"><style>.porto_ucb_8ba3bb8197aace42da06f0fe0083a0e1:hover{box-shadow:none}<\/style><div class=\"porto-ultimate-content-box vc_custom_1756661794077 has-content-pos justify-content-center porto_ucb_8ba3bb8197aace42da06f0fe0083a0e1\" style=\"background-color:#eef4fc;border:1px solid var(--porto-light-color);min-height:500px;\" data-bg=\"#eef4fc\"><div class=\"porto-sicon-box  vc_custom_1770194899537  wpb_custom_1de7e184e0d47a0dc672dd123ea3801a style_2 top-icon\"><div class=\"porto-sicon-top\"><div class=\"porto-just-icon-wrapper porto-sicon-img  porto-icon-9f5d1cfb45d27d96b50bf473aebba227\" style=\"font-size: 50px;\"><img loading=\"lazy\" decoding=\"async\" class=\"img-icon\" alt=\"\" src=\"https:\/\/meferi.com\/wp-content\/uploads\/2025\/08\/\u0411\u0435\u0437-\u043d\u0430\u0437\u0432\u0430\u043d\u0438\u044f-8.png\" width=\"100\" height=\"100\" \/><\/div><\/div><div class=\"porto-sicon-header\"><h2 class=\"porto-sicon-title\" style=\"\">Support-Portal<\/h2><p>Schnelle und transparente technische Unterst\u00fctzung<\/p><\/div> <!-- header --><div class=\"porto-sicon-description\" style=\"\">Verfolgen Sie den Status Ihrer Support-Tickets, laden Sie Dokumentationen hoch, um die Probleml\u00f6sung zu beschleunigen, und arbeiten Sie mit Ihrem Team zusammen, um eine effiziente Fehlerbehebung zu gew\u00e4hrleisten.<a class=\"porto-sicon-read xx\" href=\"https:\/\/meferi.com\/de\/support\/\" target='_blank' title='Unterst\u00fctzung'>Mehr erfahren<span>&nbsp;\"<\/span><\/a><\/div> <!-- description --><\/div><!-- porto-sicon-box --><\/div><\/div><\/div><\/div><div class=\"gradient-column-6 vc_column_container col-md-4\"><div class=\"wpb_wrapper vc_column-inner\"><div class=\"porto-ultimate-content-box-container my-rounded-box\"><style>.porto_ucb_8ba3bb8197aace42da06f0fe0083a0e1:hover{box-shadow:none}<\/style><div class=\"porto-ultimate-content-box vc_custom_1756661810817 has-content-pos justify-content-center porto_ucb_8ba3bb8197aace42da06f0fe0083a0e1\" style=\"background-color:#eef4fc;border:1px solid var(--porto-light-color);min-height:500px;\" data-bg=\"#eef4fc\"><div class=\"porto-sicon-box  vc_custom_1754738770370  wpb_custom_d7151b725a18e9b8643ad785eebfddee style_2 top-icon\"><div class=\"porto-sicon-top\"><div class=\"porto-just-icon-wrapper porto-sicon-img  porto-icon-9f5d1cfb45d27d96b50bf473aebba227\" style=\"font-size: 50px;\"><img loading=\"lazy\" decoding=\"async\" class=\"img-icon\" alt=\"\" src=\"https:\/\/meferi.com\/wp-content\/uploads\/2025\/08\/\u0411\u0435\u0437-\u043d\u0430\u0437\u0432\u0430\u043d\u0438\u044f-9.png\" width=\"100\" height=\"100\" \/><\/div><\/div><div class=\"porto-sicon-header\"><h2 class=\"porto-sicon-title\" style=\"\">MeCare-Servicepl\u00e4ne<\/h2><p>Umfassender Schutz f\u00fcr Sie<\/p><\/div> <!-- header --><div class=\"porto-sicon-description\" style=\"\">Sch\u00fctzen Sie Ihre Investition mit flexiblen Servicepl\u00e4nen, die \u00fcber die Standardgarantien hinausgehen und vorrangige Reparaturen, Ersatz und technischen Support umfassen.<a class=\"porto-sicon-read xx\" href=\"https:\/\/meferi.com\/de\/support-services\/mecare-service-plans\/\" title='Mecare-Servicepl\u00e4ne'>Mehr erfahren<span>&nbsp;\"<\/span><\/a><\/div> <!-- description --><\/div><!-- porto-sicon-box --><\/div><\/div><\/div><\/div><\/div><div class=\"vc_row wpb_row row top-row gradient-container-5 vc_custom_1754939231713 vc_column-gap-15 vc_row-has-fill vc_row-o-equal-height vc_row-flex wpb_custom_034b39d9bc6c6b310d69e39f0ccf274f\"><div class=\"gradient-column-7 vc_column_container col-md-4 vc_custom_1754469150485\"><div class=\"wpb_wrapper vc_column-inner\"><div class=\"porto-ultimate-content-box-container my-rounded-box\"><style>.porto_ucb_8ba3bb8197aace42da06f0fe0083a0e1:hover{box-shadow:none}<\/style><div class=\"porto-ultimate-content-box vc_custom_1756661816623 has-content-pos justify-content-center porto_ucb_8ba3bb8197aace42da06f0fe0083a0e1\" style=\"background-color:#eef4fc;border:1px solid var(--porto-light-color);min-height:500px;\" data-bg=\"#eef4fc\"><div class=\"porto-sicon-box  vc_custom_1754594112676  wpb_custom_2d9c2a682b5f8cf750d5d39077e790d9 style_2 top-icon\"><div class=\"porto-sicon-top\"><div class=\"porto-just-icon-wrapper porto-sicon-img  porto-icon-9f5d1cfb45d27d96b50bf473aebba227\" style=\"font-size: 50px;\"><img loading=\"lazy\" decoding=\"async\" class=\"img-icon\" alt=\"\" src=\"https:\/\/meferi.com\/wp-content\/uploads\/2025\/08\/\u0411\u0435\u0437-\u043d\u0430\u0437\u0432\u0430\u043d\u0438\u044f-10.png\" width=\"100\" height=\"100\" \/><\/div><\/div><div class=\"porto-sicon-header\"><h2 class=\"porto-sicon-title\" style=\"\">Garantie<\/h2><p>\u00dcberpr\u00fcfen und verwalten Sie Ihre meferi-Garantie<\/p><\/div> <!-- header --><div class=\"porto-sicon-description\" style=\"\">\u00dcberpr\u00fcfen Sie den Garantiestatus Ihres Produkts, lesen Sie die End-of-Life-Benachrichtigungen und finden Sie spezielle Garantiebedingungen f\u00fcr bestimmte Ger\u00e4te.<a class=\"porto-sicon-read xx\" href=\"\/de\/warranty-terms-and-conditions\/\" target='_blank'>Mehr erfahren<span>&nbsp;\"<\/span><\/a><\/div> <!-- description --><\/div><!-- porto-sicon-box --><\/div><\/div><\/div><\/div><div class=\"gradient-column-8 vc_column_container col-md-4\"><div class=\"wpb_wrapper vc_column-inner\"><div class=\"porto-ultimate-content-box-container my-rounded-box\"><style>.porto_ucb_8ba3bb8197aace42da06f0fe0083a0e1:hover{box-shadow:none}<\/style><div class=\"porto-ultimate-content-box vc_custom_1756661822375 has-content-pos justify-content-center porto_ucb_8ba3bb8197aace42da06f0fe0083a0e1\" style=\"background-color:#eef4fc;border:1px solid var(--porto-light-color);min-height:500px;\" data-bg=\"#eef4fc\"><div class=\"porto-sicon-box  vc_custom_1754594144740  wpb_custom_1de7e184e0d47a0dc672dd123ea3801a style_2 top-icon\"><div class=\"porto-sicon-top\"><div class=\"porto-just-icon-wrapper porto-sicon-img  porto-icon-9f5d1cfb45d27d96b50bf473aebba227\" style=\"font-size: 50px;\"><img loading=\"lazy\" decoding=\"async\" class=\"img-icon\" alt=\"\" src=\"https:\/\/meferi.com\/wp-content\/uploads\/2025\/08\/\u0411\u0435\u0437-\u043d\u0430\u0437\u0432\u0430\u043d\u0438\u044f-11.png\" width=\"100\" height=\"100\" \/><\/div><\/div><div class=\"porto-sicon-header\"><h2 class=\"porto-sicon-title\" style=\"\">Reparaturanfrage<\/h2><p>M\u00fchelose RMA und Reparaturabwicklung<\/p><\/div> <!-- header --><div class=\"porto-sicon-description\" style=\"\">Senden Sie Ihre Reparaturanfragen, verfolgen Sie den Fortschritt und sorgen Sie mit unseren speziellen Servicezentren f\u00fcr schnelle Bearbeitungszeiten.<a class=\"porto-sicon-read xx\" href=\"https:\/\/helpdesk.meferi.com\/\" target='_blank'>Mehr erfahren<span>&nbsp;\"<\/span><\/a><\/div> <!-- description --><\/div><!-- porto-sicon-box --><\/div><\/div><\/div><\/div><div class=\"gradient-column-9 vc_column_container col-md-4\"><div class=\"wpb_wrapper vc_column-inner\"><div class=\"porto-ultimate-content-box-container my-rounded-box\"><style>.porto_ucb_8ba3bb8197aace42da06f0fe0083a0e1:hover{box-shadow:none}<\/style><div class=\"porto-ultimate-content-box vc_custom_1756661829125 has-content-pos justify-content-center porto_ucb_8ba3bb8197aace42da06f0fe0083a0e1\" style=\"background-color:#eef4fc;border:1px solid var(--porto-light-color);min-height:500px;\" data-bg=\"#eef4fc\"><div class=\"porto-sicon-box  vc_custom_1765186151741  wpb_custom_d7151b725a18e9b8643ad785eebfddee style_2 top-icon\"><div class=\"porto-sicon-top\"><div class=\"porto-just-icon-wrapper porto-sicon-img  porto-icon-9f5d1cfb45d27d96b50bf473aebba227\" style=\"font-size: 50px;\"><img loading=\"lazy\" decoding=\"async\" class=\"img-icon\" alt=\"\" src=\"https:\/\/meferi.com\/wp-content\/uploads\/2025\/08\/\u0411\u0435\u0437-\u043d\u0430\u0437\u0432\u0430\u043d\u0438\u044f-12.png\" width=\"100\" height=\"100\" \/><\/div><\/div><div class=\"porto-sicon-header\"><h2 class=\"porto-sicon-title\" style=\"\">Sicherheitsupdate-Center<\/h2><\/div> <!-- header --><div class=\"porto-sicon-description\" style=\"\"><strong>Halten Sie sich \u00fcber Sicherheitspatches und Firmware-Updates f\u00fcr alle MEFERI-Ger\u00e4te auf dem Laufenden.<\/strong><br \/>\nSehen Sie sich den detaillierten Updateverlauf, die Support-Zeitpl\u00e4ne und die AER-zertifizierte Sicherheitsabdeckung f\u00fcr Ihr Mobiltelefon an.<a class=\"porto-sicon-read xx\" href=\"https:\/\/meferi.com\/de\/support-services\/meferi-security-updates-center\/\">Mehr erfahren<span>&nbsp;\"<\/span><\/a><\/div> <!-- description --><\/div><!-- porto-sicon-box --><\/div><\/div><\/div><\/div><\/div><div class=\"vc_row wpb_row row top-row gradient-container-6 vc_custom_1754594060710 vc_column-gap-15 vc_row-has-fill vc_row-o-equal-height vc_row-flex wpb_custom_034b39d9bc6c6b310d69e39f0ccf274f\"><div class=\"gradient-column-10 vc_column_container col-md-4 vc_custom_1754469150485\"><div class=\"wpb_wrapper vc_column-inner\"><div class=\"porto-ultimate-content-box-container my-rounded-box\"><style>.porto_ucb_8ba3bb8197aace42da06f0fe0083a0e1:hover{box-shadow:none}<\/style><div class=\"porto-ultimate-content-box vc_custom_1756661834984 has-content-pos justify-content-center porto_ucb_8ba3bb8197aace42da06f0fe0083a0e1\" style=\"background-color:#eef4fc;border:1px solid var(--porto-light-color);min-height:500px;\" data-bg=\"#eef4fc\"><div class=\"porto-sicon-box  vc_custom_1754594237357  wpb_custom_2d9c2a682b5f8cf750d5d39077e790d9 style_2 top-icon\"><div class=\"porto-sicon-top\"><div class=\"porto-just-icon-wrapper porto-sicon-img  porto-icon-9f5d1cfb45d27d96b50bf473aebba227\" style=\"font-size: 50px;\"><img loading=\"lazy\" decoding=\"async\" class=\"img-icon\" alt=\"\" src=\"https:\/\/meferi.com\/wp-content\/uploads\/2025\/08\/\u0411\u0435\u0437-\u043d\u0430\u0437\u0432\u0430\u043d\u0438\u044f-13.png\" width=\"100\" height=\"100\" \/><\/div><\/div><div class=\"porto-sicon-header\"><h2 class=\"porto-sicon-title\" style=\"\">Dokumente online<\/h2><p>Schneller Zugriff auf Handb\u00fccher und Benutzerhandb\u00fccher<\/p><\/div> <!-- header --><div class=\"porto-sicon-description\" style=\"\">Zeigen Sie die neuesten Benutzerhandb\u00fccher, Kurzanleitungen und Einrichtungsdokumentationen f\u00fcr meferi-Produkte an und laden Sie sie herunter.<a class=\"porto-sicon-read xx\" href=\"\/de\/docs-online\/\" target='_blank'>Mehr erfahren<span>&nbsp;\"<\/span><\/a><\/div> <!-- description --><\/div><!-- porto-sicon-box --><\/div><\/div><\/div><\/div><div class=\"gradient-column-11 vc_column_container col-md-4\"><div class=\"wpb_wrapper vc_column-inner\"><div class=\"porto-ultimate-content-box-container my-rounded-box\"><style>.porto_ucb_8ba3bb8197aace42da06f0fe0083a0e1:hover{box-shadow:none}<\/style><div class=\"porto-ultimate-content-box vc_custom_1756661840289 has-content-pos justify-content-center porto_ucb_8ba3bb8197aace42da06f0fe0083a0e1\" style=\"background-color:#eef4fc;border:1px solid var(--porto-light-color);min-height:500px;\" data-bg=\"#eef4fc\"><div class=\"porto-sicon-box  vc_custom_1754594271444  wpb_custom_1de7e184e0d47a0dc672dd123ea3801a style_2 top-icon\"><div class=\"porto-sicon-top\"><div class=\"porto-just-icon-wrapper porto-sicon-img  porto-icon-9f5d1cfb45d27d96b50bf473aebba227\" style=\"font-size: 50px;\"><img loading=\"lazy\" decoding=\"async\" class=\"img-icon\" alt=\"\" src=\"https:\/\/meferi.com\/wp-content\/uploads\/2025\/08\/\u0411\u0435\u0437-\u043d\u0430\u0437\u0432\u0430\u043d\u0438\u044f-14.png\" width=\"100\" height=\"100\" \/><\/div><\/div><div class=\"porto-sicon-header\"><h2 class=\"porto-sicon-title\" style=\"\">Partnerzertifikate<\/h2><p>\u00dcberpr\u00fcfen Sie Ihren meferi-Partnerstatus<\/p><\/div> <!-- header --><div class=\"porto-sicon-description\" style=\"\">Stellen Sie die Echtheit Ihres meferi-Zertifikats als autorisierter H\u00e4ndler oder Wiederverk\u00e4ufer mit unserem Verifizierungstool sicher.<a class=\"porto-sicon-read xx\" href=\"\/de\/partner-certificate-verification\/\" target='_blank'>Mehr erfahren<span>&nbsp;\"<\/span><\/a><\/div> <!-- description --><\/div><!-- porto-sicon-box --><\/div><\/div><\/div><\/div><div class=\"gradient-column-12 vc_column_container col-md-4\"><div class=\"wpb_wrapper vc_column-inner\"><div class=\"porto-ultimate-content-box-container my-rounded-box\"><style>.porto_ucb_8ba3bb8197aace42da06f0fe0083a0e1:hover{box-shadow:none}<\/style><div class=\"porto-ultimate-content-box vc_custom_1756661845349 has-content-pos justify-content-center porto_ucb_8ba3bb8197aace42da06f0fe0083a0e1\" style=\"background-color:#eef4fc;border:1px solid var(--porto-light-color);min-height:500px;\" data-bg=\"#eef4fc\"><div class=\"porto-sicon-box  vc_custom_1754594298429  wpb_custom_2d9c2a682b5f8cf750d5d39077e790d9 style_2 top-icon\"><div class=\"porto-sicon-top\"><div class=\"porto-just-icon-wrapper porto-sicon-img  porto-icon-9f5d1cfb45d27d96b50bf473aebba227\" style=\"font-size: 50px;\"><img loading=\"lazy\" decoding=\"async\" class=\"img-icon\" alt=\"\" src=\"https:\/\/meferi.com\/wp-content\/uploads\/2025\/08\/\u0411\u0435\u0437-\u043d\u0430\u0437\u0432\u0430\u043d\u0438\u044f-15.png\" width=\"100\" height=\"100\" \/><\/div><\/div><div class=\"porto-sicon-header\"><h2 class=\"porto-sicon-title\" style=\"\">Produktzertifikate<\/h2><p>Compliance- und Sicherheitszertifizierungen<\/p><\/div> <!-- header --><div class=\"porto-sicon-description\" style=\"\">Produktkonformit\u00e4tsdokumente, AER Android Enterprise Recommended-Zertifizierungen und Sicherheit nach Industriestandard.<a class=\"porto-sicon-read xx\" href=\"\/de\/product-certificates\/\">Mehr erfahren<span>&nbsp;\"<\/span><\/a><\/div> <!-- description --><\/div><!-- porto-sicon-box --><\/div><\/div><\/div><\/div><\/div><div class=\"vc_row wpb_row row top-row gradient-container-7 rounded-section vc_custom_1758202920197 text-left vc_row-has-fill vc_row-o-content-top vc_row-flex wpb_custom_034b39d9bc6c6b310d69e39f0ccf274f\"><div class=\"gradient-column-13 vc_column_container col-md-6 text-left\"><div class=\"wpb_wrapper vc_column-inner\"><div class=\"porto-sicon-box  vc_custom_1762880245414  wpb_custom_178f2745f58ee46e3130aac549600833 style_2 top-icon\"><div class=\"porto-sicon-header\"><h2 class=\"porto-sicon-title\" style=\"\">Testen Sie die innovativen L\u00f6sungen von MEFERI<\/h2><p style=\"color:var(--porto-light-color);\">Testen Sie unsere branchenf\u00fchrenden L\u00f6sungen mit einer kostenlosen Testfahrt<\/p><\/div> <!-- header --><div class=\"porto-sicon-description\" style=\"color:var(--porto-light-color);\">Entdecken Sie den Unterschied, den MEFERI in Ihrem Betrieb bewirken kann. Unsere innovativen Produkte sind auf die individuellen Anforderungen Ihrer Branche zugeschnitten. Ob Sie Ihre Betriebseffizienz steigern, Kosten senken oder neue M\u00f6glichkeiten erschlie\u00dfen m\u00f6chten \u2013 eine kostenlose Testversion unserer Produkte ist der erste Schritt in Ihrer Gesch\u00e4ftstransformation.<\/div> <!-- description --><\/div><!-- porto-sicon-box --><style>.vc_btn3-style-gradient-custom.vc_btn-gradient-btn-69fc92f7c5801:hover,.vc_btn3-style-gradient-custom.vc_btn-gradient-btn-69fc92f7c5801:focus{color: #ffffff;background-color: var(--porto-tertiary-color);border: none;background-position: 100% 0;} .vc_btn3-style-gradient-custom.vc_btn-gradient-btn-69fc92f7c5801{color: #ffffff;border: none;background-color: #dd3333;background-image: -webkit-linear-gradient(left, #dd3333 0%, var(--porto-tertiary-color) 50%,#dd3333 100%);background-image: linear-gradient(to right, #dd3333 0%, var(--porto-tertiary-color) 50%,#dd3333 100%);transition: all .2s ease-in-out;background-size: 200% 100%;}<\/style><div class=\"vc_btn3-container vc_btn3-inline vc_custom_1762880410296 vc_do_btn\" >\r\n\t<a data-vc-gradient-1=\"#dd3333\" data-vc-gradient-2=\"var(--porto-tertiary-color)\" class=\"vc_general vc_btn3 vc_btn3-size-xl vc_btn3-shape-round vc_btn3-style-gradient-custom wpb_custom_6687b26f39488ddbb85ddb3c1ce8e111 vc_btn-gradient-btn-69fc92f7c5801 btn\" style=\"font-size:17px; font-weight:500;\" href=\"https:\/\/meferi.com\/de\/contact-meferi\/contact-sales\/\" title=\"Vertrieb kontaktieren\">Starten Sie Ihre kostenlose Testfahrt<\/a>\t<\/div>\r\n<\/div><\/div><\/div><div class=\"vc_row wpb_row row top-row gradient-container-8 rounded-section vc_custom_1756144749325 text-left vc_row-has-fill vc_row-o-content-top vc_row-flex wpb_custom_034b39d9bc6c6b310d69e39f0ccf274f\"><div class=\"gradient-column-14 vc_column_container col-md-12\"><div class=\"wpb_wrapper vc_column-inner\">\r\n\t<div class=\"wpb_text_column wpb_content_element wpb_custom_7c91d232724f73626cc933bd95b25ff0\" >\r\n\t\t<div class=\"wpb_wrapper\">\r\n\t\t\t<h3 class=\"big_title\" style=\"text-align: center;\"><strong><span style=\"color: #ffffff;\">Bringen Sie Ihre Branchenabl\u00e4ufe auf die n\u00e4chste Ebene<\/span><\/strong><\/h3>\n<div class=\"big_title\" style=\"text-align: center;\" data-v-341129f1=\"\"><strong><span style=\"color: #ffffff;\">Erleben Sie L\u00f6sungen, die sorgf\u00e4ltig auf die Besonderheiten Ihrer Branche zugeschnitten sind. <\/span><\/strong><\/div>\n<div class=\"big_title\" style=\"text-align: center;\" data-v-341129f1=\"\"><strong><span style=\"color: #ffffff;\">Unsere Experten k\u00f6nnen Sie durch die Funktionen jeder App f\u00fchren, um Ihre Abl\u00e4ufe zu optimieren und Ihre Gesch\u00e4ftsziele zu erreichen.<\/span><\/strong><\/div>\n\r\n\t\t<\/div>\r\n\t<\/div>\r\n<\/div><\/div><div class=\"gradient-column-15 vc_column_container col-md-1\"><div class=\"wpb_wrapper vc_column-inner\"><\/div><\/div><div class=\"gradient-column-16 vc_column_container col-md-5 text-left vc_custom_1754595878014\"><div class=\"wpb_wrapper vc_column-inner\"><div class=\"porto-ultimate-content-box-container my-rounded-box\"><style>.porto_ucb_8ba3bb8197aace42da06f0fe0083a0e1:hover{box-shadow:none}<\/style><div class=\"porto-ultimate-content-box vc_custom_1754595751442 has-content-pos justify-content-center porto_ucb_8ba3bb8197aace42da06f0fe0083a0e1\" style=\"background-color:var(--porto-light-color);border:1px solid var(--porto-light-color);\" data-bg=\"var(--porto-light-color)\"><div class=\"porto-sicon-box  vc_custom_1762880257362  wpb_custom_710b63c711f81c5f0250186a3847fdac style_1 top-icon\"><div class=\"porto-sicon-header\"><h4 class=\"porto-sicon-title\" style=\"\">Kontaktieren Sie den Support<\/h4><p>Hier erhalten Sie Unterst\u00fctzung bei der Fehlersuche, Reparaturen, Garantien und Servicepl\u00e4nen.<\/p><\/div> <!-- header --><div class=\"porto-sicon-description\" style=\"\"><a class=\"porto-sicon-read xx\" href=\"\/de\/contact-support\/\" target='_blank' title='kontakt-MEFERI'>Support kontaktieren<span>&nbsp;\"<\/span><\/a><\/div> <!-- description --><\/div><!-- porto-sicon-box --><\/div><\/div><\/div><\/div><div class=\"gradient-column-17 vc_column_container col-md-5 vc_custom_1754595890201\"><div class=\"wpb_wrapper vc_column-inner\"><div class=\"porto-ultimate-content-box-container my-rounded-box\"><style>.porto_ucb_8ba3bb8197aace42da06f0fe0083a0e1:hover{box-shadow:none}<\/style><div class=\"porto-ultimate-content-box vc_custom_1754595770377 has-content-pos justify-content-center porto_ucb_8ba3bb8197aace42da06f0fe0083a0e1\" style=\"background-color:var(--porto-light-color);border:1px solid var(--porto-light-color);\" data-bg=\"var(--porto-light-color)\"><div class=\"porto-sicon-box  vc_custom_1754595545044  wpb_custom_710b63c711f81c5f0250186a3847fdac style_1 top-icon\"><div class=\"porto-sicon-header\"><h4 class=\"porto-sicon-title\" style=\"\">Partner- und Gesch\u00e4ftsanfragen<\/h4><p>F\u00fcr Partnerschaften, Vertrieb, Gro\u00dfbestellungen und Produktberatungen.<\/p><\/div> <!-- header --><div class=\"porto-sicon-description\" style=\"\"><a class=\"porto-sicon-read xx\" href=\"\/de\/contact-sales\/\" target='_blank' title='kontakt-MEFERI'>Vertrieb kontaktieren<span>&nbsp;\"<\/span><\/a><\/div> <!-- description --><\/div><!-- porto-sicon-box --><\/div><\/div><\/div><\/div><\/div>\n<\/div>","protected":false},"excerpt":{"rendered":"MEFERI Support &amp; Services Quickly find essential information on product warranties, repair requests, service plans, and partner resources - all in one place. Explore Our Support & ServicesPartner PortalExclusive Access for MEFERI Partners Gain access to exclusive partner benefits, including instant downloads, product exploration, shipment tracking, and effortless ordering with real-time stock and pricing.Learn More&nbsp;&raquo; [...]","protected":false},"author":2,"featured_media":8476,"parent":0,"menu_order":0,"comment_status":"closed","ping_status":"closed","template":"","meta":{"_acf_changed":false,"footnotes":""},"industry":[],"class_list":["post-1000","page","type-page","status-publish","has-post-thumbnail","hentry"],"acf":[],"_links":{"self":[{"href":"https:\/\/meferi.com\/de\/wp-json\/wp\/v2\/pages\/1000","targetHints":{"allow":["GET"]}}],"collection":[{"href":"https:\/\/meferi.com\/de\/wp-json\/wp\/v2\/pages"}],"about":[{"href":"https:\/\/meferi.com\/de\/wp-json\/wp\/v2\/types\/page"}],"author":[{"embeddable":true,"href":"https:\/\/meferi.com\/de\/wp-json\/wp\/v2\/users\/2"}],"replies":[{"embeddable":true,"href":"https:\/\/meferi.com\/de\/wp-json\/wp\/v2\/comments?post=1000"}],"version-history":[{"count":0,"href":"https:\/\/meferi.com\/de\/wp-json\/wp\/v2\/pages\/1000\/revisions"}],"wp:featuredmedia":[{"embeddable":true,"href":"https:\/\/meferi.com\/de\/wp-json\/wp\/v2\/media\/8476"}],"wp:attachment":[{"href":"https:\/\/meferi.com\/de\/wp-json\/wp\/v2\/media?parent=1000"}],"wp:term":[{"taxonomy":"industry","embeddable":true,"href":"https:\/\/meferi.com\/de\/wp-json\/wp\/v2\/industry?post=1000"}],"curies":[{"name":"wp","href":"https:\/\/api.w.org\/{rel}","templated":true}]}}